{"id":72,"date":"2025-02-13T19:16:15","date_gmt":"2025-02-13T18:16:15","guid":{"rendered":"https:\/\/oefn-wien.eckhel.at\/?page_id=72"},"modified":"2025-02-15T10:49:39","modified_gmt":"2025-02-15T09:49:39","slug":"vin-7","status":"publish","type":"page","link":"https:\/\/oefn-wien.eckhel.at\/?page_id=72","title":{"rendered":"VIN 8"},"content":{"rendered":"\n<div class=\"wp-block-columns are-vertically-aligned-center is-layout-flex wp-container-core-columns-is-layout-9d6595d7 wp-block-columns-is-layout-flex\">\n<div class=\"wp-block-column is-layout-flow wp-block-column-is-layout-flow\">\n<p><br>W. SZAIVERT &#8211; C. DABURON<br>Sylloge Nummorum Graecorum \u00d6sterreich. Sammlung Leypold.<br>Kleinasiatische M\u00fcnzen der Kaiserzeit, Band II: Phrygien &#8211; Kappadokien und Indices. Wien 2004.<br>Format 21 x 29,7 cm &#8211; 304 Seiten (124 Tafeln)<br>ISBN 3-9500530-7-7<br>\u20ac 48,00<\/p>\n\n\n\n<p>Bestellen Sie bitte bei der <a href=\"mailto:oefn.numismatik@univie.ac.at\">\u00d6FN <\/a>oder dem <a href=\"mailto:numismatik@uniiive.ac.at\">Institut<\/a>.<\/p>\n\n\n\n<p>Der vorliegende Band bringt den zweiten und abschlie\u00dfenden Teil des Katalogs der gr\u00f6\u00dften und bedeutendsten Privatsammlung kleinasiatischer M\u00fcnzen in \u00d6sterreich. Die Sammlung Leypold besteht ausschlie\u00dflich aus griechischen Gepr\u00e4gen der r\u00f6mischen Kaiserzeit von Augustus bis Aurelian. Gerade diese &#8220;Greek Imperials&#8221; erfreuen sich seit einigen Jahren zunehmenden Interesses, sowohl von Seiten der Sammler, des Handels aber auch der Wissenschaft.<br>Die insgesamt etwa 2900 St\u00fcck der Sammlung, werden durch zahlreiche Indizes (Stadt, Kaiser, Vorderseitentyp, R\u00fcckseitentyp, Namen, Wertzeichen, Jahresangaben etc.) erschlossen, die auch als Hilfe bei der Bestimmung der oft schlecht erhaltenen kleinasiatischen M\u00fcnzen gedacht sind.<\/p>\n\n\n\n<p>In dem dargebotenen Material findet der Altertumskundler somit Belege f\u00fcr die Stadtgeschichte, f\u00fcr lokale Kulte oder f\u00fcr das \u00f6ffentliche Leben. Sammler und H\u00e4ndler erhalten einen leichteren Einstieg in das \u00fcber die verf\u00fcgbare Literatur oft nur schwer zu erschlie\u00dfende Gebiet..<\/p>\n<\/div>\n\n\n\n<div class=\"wp-block-column is-layout-flow wp-block-column-is-layout-flow\">\n<figure class=\"wp-block-image size-full is-resized\"><img fetchpriority=\"high\" decoding=\"async\" width=\"847\" height=\"1165\" src=\"http:\/\/oefn-wien.eckhel.at\/wp-content\/uploads\/2025\/02\/vin-8.gif\" alt=\"\" class=\"wp-image-229\" style=\"width:517px;height:auto\"\/><\/figure>\n<\/div>\n<\/div>\n\n\n\n<p><\/p>\n","protected":false},"excerpt":{"rendered":"<p>W. SZAIVERT &#8211; C. DABURONSylloge Nummorum Graecorum \u00d6sterreich. Sammlung Leypold.Kleinasiatische M\u00fcnzen der Kaiserzeit, Band II: Phrygien &#8211; Kappadokien und Indices. Wien 2004.Format 21 x 29,7 cm &#8211; 304 Seiten (124 Tafeln)ISBN 3-9500530-7-7\u20ac 48,00 Bestellen Sie bitte bei der \u00d6FN oder dem Institut. Der vorliegende Band bringt den zweiten und abschlie\u00dfenden Teil des Katalogs der gr\u00f6\u00dften &#8230; <a title=\"VIN 8\" class=\"read-more\" href=\"https:\/\/oefn-wien.eckhel.at\/?page_id=72\" aria-label=\"Mehr Informationen \u00fcber VIN 8\">Weiterlesen<\/a><\/p>\n","protected":false},"author":1,"featured_media":0,"parent":28,"menu_order":8,"comment_status":"closed","ping_status":"closed","template":"","meta":{"_uag_custom_page_level_css":"","footnotes":""},"class_list":["post-72","page","type-page","status-publish"],"uagb_featured_image_src":{"full":false,"thumbnail":false,"medium":false,"medium_large":false,"large":false,"1536x1536":false,"2048x2048":false},"uagb_author_info":{"display_name":"wszaivert","author_link":"https:\/\/oefn-wien.eckhel.at\/?author=1"},"uagb_comment_info":0,"uagb_excerpt":"W. SZAIVERT &#8211; C. DABURONSylloge Nummorum Graecorum \u00d6sterreich. Sammlung Leypold.Kleinasiatische M\u00fcnzen der Kaiserzeit, Band II: Phrygien &#8211; Kappadokien und Indices. Wien 2004.Format 21 x 29,7 cm &#8211; 304 Seiten (124 Tafeln)ISBN 3-9500530-7-7\u20ac 48,00 Bestellen Sie bitte bei der \u00d6FN oder dem Institut. Der vorliegende Band bringt den zweiten und abschlie\u00dfenden Teil des Katalogs der gr\u00f6\u00dften&hellip;","_links":{"self":[{"href":"https:\/\/oefn-wien.eckhel.at\/index.php?rest_route=\/wp\/v2\/pages\/72","targetHints":{"allow":["GET"]}}],"collection":[{"href":"https:\/\/oefn-wien.eckhel.at\/index.php?rest_route=\/wp\/v2\/pages"}],"about":[{"href":"https:\/\/oefn-wien.eckhel.at\/index.php?rest_route=\/wp\/v2\/types\/page"}],"author":[{"embeddable":true,"href":"https:\/\/oefn-wien.eckhel.at\/index.php?rest_route=\/wp\/v2\/users\/1"}],"replies":[{"embeddable":true,"href":"https:\/\/oefn-wien.eckhel.at\/index.php?rest_route=%2Fwp%2Fv2%2Fcomments&post=72"}],"version-history":[{"count":6,"href":"https:\/\/oefn-wien.eckhel.at\/index.php?rest_route=\/wp\/v2\/pages\/72\/revisions"}],"predecessor-version":[{"id":351,"href":"https:\/\/oefn-wien.eckhel.at\/index.php?rest_route=\/wp\/v2\/pages\/72\/revisions\/351"}],"up":[{"embeddable":true,"href":"https:\/\/oefn-wien.eckhel.at\/index.php?rest_route=\/wp\/v2\/pages\/28"}],"wp:attachment":[{"href":"https:\/\/oefn-wien.eckhel.at\/index.php?rest_route=%2Fwp%2Fv2%2Fmedia&parent=72"}],"curies":[{"name":"wp","href":"https:\/\/api.w.org\/{rel}","templated":true}]}}