{"id":67,"date":"2025-02-13T19:11:22","date_gmt":"2025-02-13T18:11:22","guid":{"rendered":"https:\/\/oefn-wien.eckhel.at\/?page_id=67"},"modified":"2025-02-15T10:54:08","modified_gmt":"2025-02-15T09:54:08","slug":"vin-01","status":"publish","type":"page","link":"https:\/\/oefn-wien.eckhel.at\/?page_id=67","title":{"rendered":"VIN 1"},"content":{"rendered":"\n<div class=\"wp-block-jetpack-layout-grid column1-desktop-grid__span-6 column1-desktop-grid__row-1 column2-desktop-grid__span-6 column2-desktop-grid__start-7 column2-desktop-grid__row-1 column1-tablet-grid__span-4 column1-tablet-grid__row-1 column2-tablet-grid__span-4 column2-tablet-grid__start-5 column2-tablet-grid__row-1 column1-mobile-grid__span-4 column1-mobile-grid__row-1 column2-mobile-grid__span-4 column2-mobile-grid__row-2\">\n<div class=\"wp-block-jetpack-layout-grid-column wp-block-jetpack-layout-grid__padding-none\">\n<p>W. HAHN \u2013 A. LUEGMEYER<br>Der langobardenzeitliche M\u00fcnzschatzfund von Aldrans in Tirol. Wien 1992. <a href=\"https:\/\/de.wikipedia.org\/wiki\/Spezial:ISBN-Suche\/3900538263\">ISBN 3-900538-26-3<\/a>, broschiert, 48 Seiten. <\/p>\n\n\n\n<p><strong>VERGRIFFEN<\/strong><\/p>\n\n\n\n<p>Im Sp\u00e4tsommer 1991 wurde in unwegsamem Gel\u00e4nde bei\u00a0<a href=\"https:\/\/de.wikipedia.org\/wiki\/Aldrans\">Aldrans<\/a>\u00a0in\u00a0<a href=\"https:\/\/de.wikipedia.org\/wiki\/Tirol_(Bundesland)\">Tirol<\/a>\u00a0ein aus 86 M\u00fcnzen bestehender M\u00fcnzschatz geborgen. Er besteht aus sieben Solidi und 79 Tremisses. <br>46 Goldm\u00fcnzen sind langobardische Imitativpr\u00e4gungen. Nach byzantinischen Vorbildern wurden diese germanischen Imitativm\u00fcnzen in langobardischen St\u00e4dten gepr\u00e4gt und waren in\u00a0Fachkreisen bis zu diesem Fund unbekannt.<\/p>\n\n\n\n<p>Noch 1991 wurde der <a href=\"https:\/\/de.wikipedia.org\/wiki\/Goldm\u00fcnzenschatz_von_Aldrans\">Schatzfund <\/a>angekauft und dem Tiroler <a href=\"https:\/\/www.innsbruck.info\/blog\/de\/kunst-kultur\/loesegeld-oder-beute-der-goldschatz-von-aldrans\/\">Landesmuseum Ferdinandeum<\/a> als Dauerleihgabe \u00fcberlassen.<\/p>\n<\/div>\n\n\n\n<div class=\"wp-block-jetpack-layout-grid-column wp-block-jetpack-layout-grid__padding-none\">\n<figure class=\"wp-block-image size-full is-resized\"><img fetchpriority=\"high\" decoding=\"async\" width=\"250\" height=\"250\" src=\"https:\/\/oefn-wien.eckhel.at\/wp-content\/uploads\/2025\/02\/VIN-1.jpg\" alt=\"\" class=\"wp-image-69\" style=\"width:513px;height:auto\" srcset=\"https:\/\/oefn-wien.eckhel.at\/wp-content\/uploads\/2025\/02\/VIN-1.jpg 250w, https:\/\/oefn-wien.eckhel.at\/wp-content\/uploads\/2025\/02\/VIN-1-150x150.jpg 150w\" sizes=\"(max-width: 250px) 100vw, 250px\" \/><\/figure>\n<\/div>\n<\/div>\n\n\n\n<p><\/p>\n","protected":false},"excerpt":{"rendered":"<p>W. HAHN \u2013 A. LUEGMEYERDer langobardenzeitliche M\u00fcnzschatzfund von Aldrans in Tirol. Wien 1992. ISBN 3-900538-26-3, broschiert, 48 Seiten. VERGRIFFEN Im Sp\u00e4tsommer 1991 wurde in unwegsamem Gel\u00e4nde bei\u00a0Aldrans\u00a0in\u00a0Tirol\u00a0ein aus 86 M\u00fcnzen bestehender M\u00fcnzschatz geborgen. Er besteht aus sieben Solidi und 79 Tremisses. 46 Goldm\u00fcnzen sind langobardische Imitativpr\u00e4gungen. Nach byzantinischen Vorbildern wurden diese germanischen Imitativm\u00fcnzen in langobardischen &#8230; <a title=\"VIN 1\" class=\"read-more\" href=\"https:\/\/oefn-wien.eckhel.at\/?page_id=67\" aria-label=\"Mehr Informationen \u00fcber VIN 1\">Weiterlesen<\/a><\/p>\n","protected":false},"author":1,"featured_media":0,"parent":28,"menu_order":0,"comment_status":"closed","ping_status":"closed","template":"","meta":{"_uag_custom_page_level_css":"","footnotes":""},"class_list":["post-67","page","type-page","status-publish"],"uagb_featured_image_src":{"full":false,"thumbnail":false,"medium":false,"medium_large":false,"large":false,"1536x1536":false,"2048x2048":false},"uagb_author_info":{"display_name":"wszaivert","author_link":"https:\/\/oefn-wien.eckhel.at\/?author=1"},"uagb_comment_info":0,"uagb_excerpt":"W. HAHN \u2013 A. LUEGMEYERDer langobardenzeitliche M\u00fcnzschatzfund von Aldrans in Tirol. Wien 1992. ISBN 3-900538-26-3, broschiert, 48 Seiten. VERGRIFFEN Im Sp\u00e4tsommer 1991 wurde in unwegsamem Gel\u00e4nde bei\u00a0Aldrans\u00a0in\u00a0Tirol\u00a0ein aus 86 M\u00fcnzen bestehender M\u00fcnzschatz geborgen. Er besteht aus sieben Solidi und 79 Tremisses. 46 Goldm\u00fcnzen sind langobardische Imitativpr\u00e4gungen. Nach byzantinischen Vorbildern wurden diese germanischen Imitativm\u00fcnzen in langobardischen&hellip;","_links":{"self":[{"href":"https:\/\/oefn-wien.eckhel.at\/index.php?rest_route=\/wp\/v2\/pages\/67","targetHints":{"allow":["GET"]}}],"collection":[{"href":"https:\/\/oefn-wien.eckhel.at\/index.php?rest_route=\/wp\/v2\/pages"}],"about":[{"href":"https:\/\/oefn-wien.eckhel.at\/index.php?rest_route=\/wp\/v2\/types\/page"}],"author":[{"embeddable":true,"href":"https:\/\/oefn-wien.eckhel.at\/index.php?rest_route=\/wp\/v2\/users\/1"}],"replies":[{"embeddable":true,"href":"https:\/\/oefn-wien.eckhel.at\/index.php?rest_route=%2Fwp%2Fv2%2Fcomments&post=67"}],"version-history":[{"count":7,"href":"https:\/\/oefn-wien.eckhel.at\/index.php?rest_route=\/wp\/v2\/pages\/67\/revisions"}],"predecessor-version":[{"id":355,"href":"https:\/\/oefn-wien.eckhel.at\/index.php?rest_route=\/wp\/v2\/pages\/67\/revisions\/355"}],"up":[{"embeddable":true,"href":"https:\/\/oefn-wien.eckhel.at\/index.php?rest_route=\/wp\/v2\/pages\/28"}],"wp:attachment":[{"href":"https:\/\/oefn-wien.eckhel.at\/index.php?rest_route=%2Fwp%2Fv2%2Fmedia&parent=67"}],"curies":[{"name":"wp","href":"https:\/\/api.w.org\/{rel}","templated":true}]}}