{"id":66,"date":"2025-02-14T16:05:02","date_gmt":"2025-02-14T15:05:02","guid":{"rendered":"https:\/\/oefn-wien.eckhel.at\/?page_id=66"},"modified":"2025-02-15T10:48:48","modified_gmt":"2025-02-15T09:48:48","slug":"vin-5","status":"publish","type":"page","link":"https:\/\/oefn-wien.eckhel.at\/?page_id=66","title":{"rendered":"VIN 5"},"content":{"rendered":"\n<div class=\"wp-block-columns are-vertically-aligned-center is-layout-flex wp-container-core-columns-is-layout-9d6595d7 wp-block-columns-is-layout-flex\">\n<div class=\"wp-block-column is-layout-flow wp-block-column-is-layout-flow\">\n<p><br>B. PROKISCH &#8211; H. EMMERIG &#8211; S. HEINZ &#8211; M. HEINTZ &#8211; M. ZAVADIL<br>Repertorium zur neuzeitlichen M\u00fcnzpr\u00e4gung Europas.<br>Band XVIII: S\u00fcdosteuropa. Wien 1999.<br>Format 25,7 x 36,4 cm &#8211; 340 Seiten &#8211; ca. 1300 Abbildungen<br>ISBN 3-9500530-2-6<br>\u20ac 50,00<\/p>\n\n\n\n<p>Bestellen Sie bitte bei der <a href=\"mailto:oefn.numismatik@univie.ac.at\">\u00d6FN <\/a>oder dem <a href=\"mailto:numismatik@uniiive.ac.at\">Institut<\/a>.<\/p>\n\n\n\n<p>Dieses Buch stellt Band XVIII der auf neunzehn Teile konzipierten Gesamtreihe \u00a0und umfa\u00dft die Pr\u00e4gungen der M\u00fcnzst\u00e4nde S\u00fcdosteuropas. Der besondere Wert dieses Bandes liegt in der Zusammenfassung des f\u00fcr diesen Bereich sehr weit gestreuten Publikationen.<\/p>\n\n\n\n<p>Nach M\u00fcnzst\u00e4nden gegliedert werden folgende Informationen geboten: Regentenlisten, genealogische \u00dcbersichten, historische Basisinformation, M\u00fcnzst\u00e4ttenverzeichnisse, Wappen, Territorialkarten, Bibliographien und M\u00fcnzabbildungen. Das Kernst\u00fcck bilden tabellarische Darstellungen der Pr\u00e4get\u00e4tigkeit, die &#8211; nach M\u00fcnzst\u00e4tten gegliedert &#8211; die M\u00fcnzsorten und den chronologischen Ablauf dokumentieren und mittels Verweisen zur Standardliteratur eine Hilfe bei der M\u00fcnzbestimmung bieten.<\/p>\n<\/div>\n\n\n\n<div class=\"wp-block-column is-layout-flow wp-block-column-is-layout-flow\">\n<figure class=\"wp-block-image size-large is-resized\"><img fetchpriority=\"high\" decoding=\"async\" width=\"723\" height=\"1024\" src=\"https:\/\/oefn-wien.eckhel.at\/wp-content\/uploads\/2025\/02\/VIN-5-723x1024.gif\" alt=\"\" class=\"wp-image-61\" style=\"width:588px;height:auto\" srcset=\"https:\/\/oefn-wien.eckhel.at\/wp-content\/uploads\/2025\/02\/VIN-5-723x1024.gif 723w, https:\/\/oefn-wien.eckhel.at\/wp-content\/uploads\/2025\/02\/VIN-5-212x300.gif 212w, https:\/\/oefn-wien.eckhel.at\/wp-content\/uploads\/2025\/02\/VIN-5-768x1087.gif 768w\" sizes=\"(max-width: 723px) 100vw, 723px\" \/><\/figure>\n<\/div>\n<\/div>\n\n\n\n<p>Inhalt<\/p>\n\n\n\n<figure class=\"wp-block-table\"><table class=\"has-fixed-layout\"><tbody><tr><td>Siebenb\u00fcrgen<\/td><td>Trogir<\/td><td>Kroatien<\/td><\/tr><tr><td>Kronstadt<\/td><td>Split<\/td><td>Albanien<\/td><\/tr><tr><td>Hermannstadt<\/td><td>Hvar<\/td><td>Bulgarien<\/td><\/tr><tr><td>Moldau<\/td><td>Dubrovnik<\/td><td>Venezianische Levante<\/td><\/tr><tr><td>Walachei<\/td><td>Kotor<\/td><td>Isole et Armata<\/td><\/tr><tr><td>Rum\u00e4nien<\/td><td>Bar<\/td><td>Korfu, Kephallenia, Zakynthos<\/td><\/tr><tr><td>Dalmatia et Albania<\/td><td>Serbien<\/td><td>Ionische Inseln<\/td><\/tr><tr><td>Zadar<\/td><td>Montenegro<\/td><td>Armata et Morea<\/td><\/tr><tr><td>Sibenik<\/td><td>Jugoslawien<\/td><td>Kreta<\/td><\/tr><tr><td>Tinos<\/td><td>Genuesische Levante<\/td><td>Chios<\/td><\/tr><tr><td>Johanniterorden auf Rhodos<\/td><td>Zypern<\/td><td>Griechenland<\/td><\/tr><\/tbody><\/table><\/figure>\n\n\n\n<p><\/p>\n","protected":false},"excerpt":{"rendered":"<p>B. PROKISCH &#8211; H. EMMERIG &#8211; S. HEINZ &#8211; M. HEINTZ &#8211; M. ZAVADILRepertorium zur neuzeitlichen M\u00fcnzpr\u00e4gung Europas.Band XVIII: S\u00fcdosteuropa. Wien 1999.Format 25,7 x 36,4 cm &#8211; 340 Seiten &#8211; ca. 1300 AbbildungenISBN 3-9500530-2-6\u20ac 50,00 Bestellen Sie bitte bei der \u00d6FN oder dem Institut. Dieses Buch stellt Band XVIII der auf neunzehn Teile konzipierten Gesamtreihe &#8230; <a title=\"VIN 5\" class=\"read-more\" href=\"https:\/\/oefn-wien.eckhel.at\/?page_id=66\" aria-label=\"Mehr Informationen \u00fcber VIN 5\">Weiterlesen<\/a><\/p>\n","protected":false},"author":1,"featured_media":0,"parent":28,"menu_order":5,"comment_status":"closed","ping_status":"closed","template":"","meta":{"_uag_custom_page_level_css":"","footnotes":""},"class_list":["post-66","page","type-page","status-publish"],"uagb_featured_image_src":{"full":false,"thumbnail":false,"medium":false,"medium_large":false,"large":false,"1536x1536":false,"2048x2048":false},"uagb_author_info":{"display_name":"wszaivert","author_link":"https:\/\/oefn-wien.eckhel.at\/?author=1"},"uagb_comment_info":0,"uagb_excerpt":"B. PROKISCH &#8211; H. EMMERIG &#8211; S. HEINZ &#8211; M. HEINTZ &#8211; M. ZAVADILRepertorium zur neuzeitlichen M\u00fcnzpr\u00e4gung Europas.Band XVIII: S\u00fcdosteuropa. Wien 1999.Format 25,7 x 36,4 cm &#8211; 340 Seiten &#8211; ca. 1300 AbbildungenISBN 3-9500530-2-6\u20ac 50,00 Bestellen Sie bitte bei der \u00d6FN oder dem Institut. Dieses Buch stellt Band XVIII der auf neunzehn Teile konzipierten Gesamtreihe&hellip;","_links":{"self":[{"href":"https:\/\/oefn-wien.eckhel.at\/index.php?rest_route=\/wp\/v2\/pages\/66","targetHints":{"allow":["GET"]}}],"collection":[{"href":"https:\/\/oefn-wien.eckhel.at\/index.php?rest_route=\/wp\/v2\/pages"}],"about":[{"href":"https:\/\/oefn-wien.eckhel.at\/index.php?rest_route=\/wp\/v2\/types\/page"}],"author":[{"embeddable":true,"href":"https:\/\/oefn-wien.eckhel.at\/index.php?rest_route=\/wp\/v2\/users\/1"}],"replies":[{"embeddable":true,"href":"https:\/\/oefn-wien.eckhel.at\/index.php?rest_route=%2Fwp%2Fv2%2Fcomments&post=66"}],"version-history":[{"count":4,"href":"https:\/\/oefn-wien.eckhel.at\/index.php?rest_route=\/wp\/v2\/pages\/66\/revisions"}],"predecessor-version":[{"id":348,"href":"https:\/\/oefn-wien.eckhel.at\/index.php?rest_route=\/wp\/v2\/pages\/66\/revisions\/348"}],"up":[{"embeddable":true,"href":"https:\/\/oefn-wien.eckhel.at\/index.php?rest_route=\/wp\/v2\/pages\/28"}],"wp:attachment":[{"href":"https:\/\/oefn-wien.eckhel.at\/index.php?rest_route=%2Fwp%2Fv2%2Fmedia&parent=66"}],"curies":[{"name":"wp","href":"https:\/\/api.w.org\/{rel}","templated":true}]}}