{"id":361,"date":"2025-02-15T11:53:30","date_gmt":"2025-02-15T10:53:30","guid":{"rendered":"https:\/\/oefn-wien.eckhel.at\/?page_id=361"},"modified":"2025-02-15T11:57:03","modified_gmt":"2025-02-15T10:57:03","slug":"voefn-1","status":"publish","type":"page","link":"https:\/\/oefn-wien.eckhel.at\/?page_id=361","title":{"rendered":"S\u00d6FN 1"},"content":{"rendered":"\n<div class=\"wp-block-columns are-vertically-aligned-center is-layout-flex wp-container-core-columns-is-layout-9d6595d7 wp-block-columns-is-layout-flex\">\n<div class=\"wp-block-column is-layout-flow wp-block-column-is-layout-flow\">\n<p>Aleksandar N. BRZI\u0106<br>Hallmarking of Gold Coinage in Serbia and Yugoslavia 1882\u20131941.<br>(Schriften der \u00d6sterreichischen Forschungsgesellschaft f\u00fcr Numismatik Band 1)<br>Wien 2024<\/p>\n\n\n\n<p>Bestellen Sie bitte bei der <a href=\"mailto:oefn.numismatik@univie.ac.at\">\u00d6FN<\/a>.<\/p>\n\n\n\n<p>Zwischen 1882 und 1941 kontermarkierten die K\u00f6nigreiche Serbien und Jugoslawien eine gro\u00dfe Menge an Goldm\u00fcnzen mit einer Punze. Diese etwas ungew\u00f6hnliche Praxis wurde gesetzlich geregelt und von staatlichen Stellen mit verschiedenen Punzen durchgef\u00fchrt, von denen einige hier zum ersten Mal ordnungsgem\u00e4\u00df dokumentiert und pr\u00e4sentiert werden. Der Autor beschreibt nicht nur die Entwicklung der Stempelung selbst, sondern auch deren legistischen, historischen und ethnografischen Hintergr\u00fcnde, insbesondere die Verwendung von Golddukaten im ethnischen Schmuck der Region.<br>Basierend haupts\u00e4chlich auf seiner fr\u00fcheren Sammlung, die hier in hochwertigen Farbfotografien vollst\u00e4ndig pr\u00e4sentiert wird, bietet dieses Buch erstmals einen vollst\u00e4ndigen Katalog aller in verschiedenen Pr\u00fcf\u00e4mtern verwendeten Stempel und aller dem Autor bekannten gestempelten Goldm\u00fcnzen.<\/p>\n<\/div>\n\n\n\n<div class=\"wp-block-column is-layout-flow wp-block-column-is-layout-flow\">\n<figure class=\"wp-block-image size-full is-resized\"><img fetchpriority=\"high\" decoding=\"async\" width=\"1654\" height=\"2339\" src=\"http:\/\/oefn-wien.eckhel.at\/wp-content\/uploads\/2025\/02\/Brzic-umschlag.jpg\" alt=\"\" class=\"wp-image-362\" style=\"width:517px;height:auto\" srcset=\"https:\/\/oefn-wien.eckhel.at\/wp-content\/uploads\/2025\/02\/Brzic-umschlag.jpg 1654w, https:\/\/oefn-wien.eckhel.at\/wp-content\/uploads\/2025\/02\/Brzic-umschlag-212x300.jpg 212w, https:\/\/oefn-wien.eckhel.at\/wp-content\/uploads\/2025\/02\/Brzic-umschlag-724x1024.jpg 724w, https:\/\/oefn-wien.eckhel.at\/wp-content\/uploads\/2025\/02\/Brzic-umschlag-768x1086.jpg 768w, https:\/\/oefn-wien.eckhel.at\/wp-content\/uploads\/2025\/02\/Brzic-umschlag-1086x1536.jpg 1086w, https:\/\/oefn-wien.eckhel.at\/wp-content\/uploads\/2025\/02\/Brzic-umschlag-1448x2048.jpg 1448w\" sizes=\"(max-width: 1654px) 100vw, 1654px\" \/><\/figure>\n<\/div>\n<\/div>\n\n\n\n<p><\/p>\n","protected":false},"excerpt":{"rendered":"<p>Aleksandar N. BRZI\u0106Hallmarking of Gold Coinage in Serbia and Yugoslavia 1882\u20131941.(Schriften der \u00d6sterreichischen Forschungsgesellschaft f\u00fcr Numismatik Band 1)Wien 2024 Bestellen Sie bitte bei der \u00d6FN. Zwischen 1882 und 1941 kontermarkierten die K\u00f6nigreiche Serbien und Jugoslawien eine gro\u00dfe Menge an Goldm\u00fcnzen mit einer Punze. Diese etwas ungew\u00f6hnliche Praxis wurde gesetzlich geregelt und von staatlichen Stellen mit &#8230; <a title=\"S\u00d6FN 1\" class=\"read-more\" href=\"https:\/\/oefn-wien.eckhel.at\/?page_id=361\" aria-label=\"Mehr Informationen \u00fcber S\u00d6FN 1\">Weiterlesen<\/a><\/p>\n","protected":false},"author":1,"featured_media":0,"parent":28,"menu_order":1,"comment_status":"closed","ping_status":"closed","template":"","meta":{"_uag_custom_page_level_css":"","footnotes":""},"class_list":["post-361","page","type-page","status-publish"],"uagb_featured_image_src":{"full":false,"thumbnail":false,"medium":false,"medium_large":false,"large":false,"1536x1536":false,"2048x2048":false},"uagb_author_info":{"display_name":"wszaivert","author_link":"https:\/\/oefn-wien.eckhel.at\/?author=1"},"uagb_comment_info":0,"uagb_excerpt":"Aleksandar N. BRZI\u0106Hallmarking of Gold Coinage in Serbia and Yugoslavia 1882\u20131941.(Schriften der \u00d6sterreichischen Forschungsgesellschaft f\u00fcr Numismatik Band 1)Wien 2024 Bestellen Sie bitte bei der \u00d6FN. Zwischen 1882 und 1941 kontermarkierten die K\u00f6nigreiche Serbien und Jugoslawien eine gro\u00dfe Menge an Goldm\u00fcnzen mit einer Punze. Diese etwas ungew\u00f6hnliche Praxis wurde gesetzlich geregelt und von staatlichen Stellen mit&hellip;","_links":{"self":[{"href":"https:\/\/oefn-wien.eckhel.at\/index.php?rest_route=\/wp\/v2\/pages\/361","targetHints":{"allow":["GET"]}}],"collection":[{"href":"https:\/\/oefn-wien.eckhel.at\/index.php?rest_route=\/wp\/v2\/pages"}],"about":[{"href":"https:\/\/oefn-wien.eckhel.at\/index.php?rest_route=\/wp\/v2\/types\/page"}],"author":[{"embeddable":true,"href":"https:\/\/oefn-wien.eckhel.at\/index.php?rest_route=\/wp\/v2\/users\/1"}],"replies":[{"embeddable":true,"href":"https:\/\/oefn-wien.eckhel.at\/index.php?rest_route=%2Fwp%2Fv2%2Fcomments&post=361"}],"version-history":[{"count":3,"href":"https:\/\/oefn-wien.eckhel.at\/index.php?rest_route=\/wp\/v2\/pages\/361\/revisions"}],"predecessor-version":[{"id":366,"href":"https:\/\/oefn-wien.eckhel.at\/index.php?rest_route=\/wp\/v2\/pages\/361\/revisions\/366"}],"up":[{"embeddable":true,"href":"https:\/\/oefn-wien.eckhel.at\/index.php?rest_route=\/wp\/v2\/pages\/28"}],"wp:attachment":[{"href":"https:\/\/oefn-wien.eckhel.at\/index.php?rest_route=%2Fwp%2Fv2%2Fmedia&parent=361"}],"curies":[{"name":"wp","href":"https:\/\/api.w.org\/{rel}","templated":true}]}}