{"id":33,"date":"2025-02-13T12:22:28","date_gmt":"2025-02-13T11:22:28","guid":{"rendered":"https:\/\/oefn-wien.eckhel.at\/?page_id=33"},"modified":"2025-02-15T10:50:08","modified_gmt":"2025-02-15T09:50:08","slug":"vin-2","status":"publish","type":"page","link":"https:\/\/oefn-wien.eckhel.at\/?page_id=33","title":{"rendered":"VIN 2"},"content":{"rendered":"\n<div class=\"wp-block-jetpack-layout-grid column1-desktop-grid__span-6 column1-desktop-grid__row-1 column2-desktop-grid__span-6 column2-desktop-grid__start-7 column2-desktop-grid__row-1 column1-tablet-grid__span-4 column1-tablet-grid__row-1 column2-tablet-grid__span-4 column2-tablet-grid__start-5 column2-tablet-grid__row-1 column1-mobile-grid__span-4 column1-mobile-grid__row-1 column2-mobile-grid__span-4 column2-mobile-grid__row-2\">\n<div class=\"wp-block-jetpack-layout-grid-column wp-block-jetpack-layout-grid__padding-none\">\n<p>B. PROKISCH Grunddaten zur europ\u00e4ischen M\u00fcnzpr\u00e4gung der Neuzeit ca. 1500-1990. Wien 1993.<br>Format 16 x 24 cm, 657 S., ca. 950 Abb.<br>ISBN 3-900538-35-2<br>\u20ac 36,81<\/p>\n\n\n\n<p><strong>zu bestellen bei: \u00a0<\/strong><br>Verlag Fassbaender<br>Lichtgasse 10<br>A-1150 WIEN<br>(+43) (1) 8923547 \u00a0\u00a0\u00a0<br>Fax (+43) (1) 892 37 17<strong>\u00a0 \u00a0 \u00a0 \u00a0 \u00a0 \u00a0 \u00a0 \u00a0 \u00a0 \u00a0 \u00a0<\/strong><\/p>\n\n\n\n<p>Dieser Band legt einen Entwurf f\u00fcr eine Abfolgeordnung der europ\u00e4ischen M\u00fcnzen der Neuzeit, also von 1500 &#8211; 1990 vor. Es ist damit ein Handbuch f\u00fcr die Legung von Sammlungen und f\u00fcr die Anordnung von Katalogen. Es bietet daher eine Auflistung und histo8risch begr\u00fcndetet Liste der Pr\u00e4gest\u00e4nde im Heiligen R\u00f6mischen reich und dem europ\u00e4ischen Raum. mit Angabe der Regierungszeiten. Die Wiedergabe der Wappen der Pr\u00e4gest\u00e4nde, eine Bibliographie zu den einzelnen Pr\u00e4gest\u00e4nden und umfangreich Register runden diesen Band ab,<br>Der Band ist also nicht nur f\u00fcr Numismatiker, sondern auch f\u00fcr alle Historiker im weitesten Sinn sehr n\u00fctzlich.<\/p>\n<\/div>\n\n\n\n<div class=\"wp-block-jetpack-layout-grid-column wp-block-jetpack-layout-grid__padding-none\">\n<figure class=\"wp-block-image size-full\"><img fetchpriority=\"high\" decoding=\"async\" width=\"578\" height=\"808\" src=\"https:\/\/oefn-wien.eckhel.at\/wp-content\/uploads\/2025\/02\/vin-2.jpg\" alt=\"\" class=\"wp-image-139\" srcset=\"https:\/\/oefn-wien.eckhel.at\/wp-content\/uploads\/2025\/02\/vin-2.jpg 578w, https:\/\/oefn-wien.eckhel.at\/wp-content\/uploads\/2025\/02\/vin-2-215x300.jpg 215w\" sizes=\"(max-width: 578px) 100vw, 578px\" \/><\/figure>\n<\/div>\n<\/div>\n","protected":false},"excerpt":{"rendered":"<p>B. PROKISCH Grunddaten zur europ\u00e4ischen M\u00fcnzpr\u00e4gung der Neuzeit ca. 1500-1990. Wien 1993.Format 16 x 24 cm, 657 S., ca. 950 Abb.ISBN 3-900538-35-2\u20ac 36,81 zu bestellen bei: \u00a0Verlag FassbaenderLichtgasse 10A-1150 WIEN(+43) (1) 8923547 \u00a0\u00a0\u00a0Fax (+43) (1) 892 37 17\u00a0 \u00a0 \u00a0 \u00a0 \u00a0 \u00a0 \u00a0 \u00a0 \u00a0 \u00a0 \u00a0 Dieser Band legt einen Entwurf f\u00fcr eine &#8230; <a title=\"VIN 2\" class=\"read-more\" href=\"https:\/\/oefn-wien.eckhel.at\/?page_id=33\" aria-label=\"Mehr Informationen \u00fcber VIN 2\">Weiterlesen<\/a><\/p>\n","protected":false},"author":1,"featured_media":0,"parent":28,"menu_order":2,"comment_status":"closed","ping_status":"closed","template":"","meta":{"_uag_custom_page_level_css":"","footnotes":""},"class_list":["post-33","page","type-page","status-publish"],"uagb_featured_image_src":{"full":false,"thumbnail":false,"medium":false,"medium_large":false,"large":false,"1536x1536":false,"2048x2048":false},"uagb_author_info":{"display_name":"wszaivert","author_link":"https:\/\/oefn-wien.eckhel.at\/?author=1"},"uagb_comment_info":0,"uagb_excerpt":"B. PROKISCH Grunddaten zur europ\u00e4ischen M\u00fcnzpr\u00e4gung der Neuzeit ca. 1500-1990. Wien 1993.Format 16 x 24 cm, 657 S., ca. 950 Abb.ISBN 3-900538-35-2\u20ac 36,81 zu bestellen bei: \u00a0Verlag FassbaenderLichtgasse 10A-1150 WIEN(+43) (1) 8923547 \u00a0\u00a0\u00a0Fax (+43) (1) 892 37 17\u00a0 \u00a0 \u00a0 \u00a0 \u00a0 \u00a0 \u00a0 \u00a0 \u00a0 \u00a0 \u00a0 Dieser Band legt einen Entwurf f\u00fcr eine&hellip;","_links":{"self":[{"href":"https:\/\/oefn-wien.eckhel.at\/index.php?rest_route=\/wp\/v2\/pages\/33","targetHints":{"allow":["GET"]}}],"collection":[{"href":"https:\/\/oefn-wien.eckhel.at\/index.php?rest_route=\/wp\/v2\/pages"}],"about":[{"href":"https:\/\/oefn-wien.eckhel.at\/index.php?rest_route=\/wp\/v2\/types\/page"}],"author":[{"embeddable":true,"href":"https:\/\/oefn-wien.eckhel.at\/index.php?rest_route=\/wp\/v2\/users\/1"}],"replies":[{"embeddable":true,"href":"https:\/\/oefn-wien.eckhel.at\/index.php?rest_route=%2Fwp%2Fv2%2Fcomments&post=33"}],"version-history":[{"count":7,"href":"https:\/\/oefn-wien.eckhel.at\/index.php?rest_route=\/wp\/v2\/pages\/33\/revisions"}],"predecessor-version":[{"id":353,"href":"https:\/\/oefn-wien.eckhel.at\/index.php?rest_route=\/wp\/v2\/pages\/33\/revisions\/353"}],"up":[{"embeddable":true,"href":"https:\/\/oefn-wien.eckhel.at\/index.php?rest_route=\/wp\/v2\/pages\/28"}],"wp:attachment":[{"href":"https:\/\/oefn-wien.eckhel.at\/index.php?rest_route=%2Fwp%2Fv2%2Fmedia&parent=33"}],"curies":[{"name":"wp","href":"https:\/\/api.w.org\/{rel}","templated":true}]}}