{"id":28,"date":"2025-02-13T11:57:13","date_gmt":"2025-02-13T10:57:13","guid":{"rendered":"https:\/\/oefn-wien.eckhel.at\/?page_id=28"},"modified":"2025-02-15T12:24:30","modified_gmt":"2025-02-15T11:24:30","slug":"unsere-publikationen","status":"publish","type":"page","link":"https:\/\/oefn-wien.eckhel.at\/?page_id=28","title":{"rendered":"Unsere Publikationen"},"content":{"rendered":"\n<h2 class=\"wp-block-heading\">Die Reihe VIN<\/h2>\n\n\n\n<p>Hier finden sich alle bisher publizierten B\u00e4nde ungeachtet ihrer Verf\u00fcgbarkeit.<\/p>\n\n\n\n<ul class=\"wp-block-list\">\n<li>VIN 1 W. HAHN \u2013 A. LUEGMEYER<br>Der langobardenzeitliche M\u00fcnzschatzfund von Aldrans in Tirol. Wien 1992.<br><strong>VERGRIFFEN<\/strong><\/li>\n\n\n\n<li><a href=\"https:\/\/oefn-wien.eckhel.at\/?page_id=33\" data-type=\"page\" data-id=\"33\">VIN 2<\/a>&nbsp;B. PROKISCH<br>Grunddaten zur europ\u00e4ischen M\u00fcnzpr\u00e4gung der Neuzeit ca. 1500\u20131990. Wien 1993.<\/li>\n<\/ul>\n\n\n\n<p>Diese beiden Ausgaben wurden vom Verlag Fassbaender publiziert und sind daher nicht \u00fcber die Forschungsgesellschaft zu beziehen.<\/p>\n\n\n\n<ul class=\"wp-block-list\">\n<li><a href=\"https:\/\/oefn-wien.eckhel.at\/?page_id=218\" data-type=\"page\" data-id=\"218\">VIN 3<\/a>&nbsp; B. PROKISCH \u2013&nbsp;R. DENK \u2013&nbsp;K. REINISCH \u2013&nbsp;A. SCHWAB-TRAU<br>Die Sammlung nachantiker M\u00fcnzen und Medaillen im Zisterzienserstift Wilhering.<br>Teil I: Die mittelalterlichen und neuzeitlichen M\u00fcnzen. Wien 1996.<br><strong>VERGRIFFEN<\/strong><\/li>\n\n\n\n<li><a href=\"https:\/\/oefn-wien.eckhel.at\/?page_id=57\" data-type=\"page\" data-id=\"57\">VIN 4<\/a>&nbsp;B. PROKISCH \u2013&nbsp;H. EMMERIG \u2013&nbsp;S. HEINZ \u2013&nbsp;M. HEINTZ \u2013&nbsp;M. ZAVADIL \u2013&nbsp;D. LEPUSCHITZ<br>Repertorium zur neuzeitlichen M\u00fcnzpr\u00e4gung Europas.<br>Band II: Heiliges R\u00f6misches Reich Deutscher Nation &#8211; Der Bayerische Reichskreis. Wien 1996.<\/li>\n\n\n\n<li><a href=\"https:\/\/oefn-wien.eckhel.at\/?page_id=52\" data-type=\"page\" data-id=\"52\">VIN 5<\/a>&nbsp;B. PROKISCH \u2013&nbsp;H. EMMERIG \u2013&nbsp;S. HEINZ \u2013&nbsp;M. HEINTZ \u2013&nbsp;M. ZAVADIL<br>Repertorium zur neuzeitlichen M\u00fcnzpr\u00e4gung Europas.<br>Band XVIII: S\u00fcdosteuropa. Wien 1999.<\/li>\n\n\n\n<li><a href=\"https:\/\/oefn-wien.eckhel.at\/?page_id=182\" data-type=\"page\" data-id=\"182\">VIN 6 <\/a>W. HAHN (AND M. A. METLICH)<br>Money of the Incipient Byzantine Empire. Anastasius I \u2013 Justinian I. Wien 1999.<br><strong>VERGRIFFEN<\/strong><\/li>\n\n\n\n<li><a href=\"https:\/\/oefn-wien.eckhel.at\/?page_id=182\" data-type=\"page\" data-id=\"182\">VIN 6A<\/a>&nbsp;M. A. METLICH<br>Money of the Incipient Byzantine Empire. Anastasius I \u2013&nbsp;Justinian I.<br>Coin Identification Program (CD-ROM). Wien 2000.<\/li>\n\n\n\n<li><a href=\"https:\/\/oefn-wien.eckhel.at\/?page_id=238\" data-type=\"page\" data-id=\"238\">VIN 7<\/a>&nbsp;W. SZAIVERT \u2013&nbsp;C. DABURON<br>Sylloge Nummorum Graecorum \u00d6sterreich. Sammlung Leypold.<br>Kleinasiatische M\u00fcnzen der Kaiserzeit, Band I: Pontus &#8211; Lydien. Wien 2000.<\/li>\n\n\n\n<li><a href=\"https:\/\/oefn-wien.eckhel.at\/?page_id=72\" data-type=\"page\" data-id=\"72\">VIN 8<\/a>&nbsp;W. SZAIVERT \u2013&nbsp;C. DABURON<br>Sylloge Nummorum Graecorum \u00d6sterreich. Sammlung Leypold.<br>Kleinasiatische M\u00fcnzen der Kaiserzeit, Band II Phrygien &#8211; Kappadokien und Indices. Wien 2004.<\/li>\n\n\n\n<li><a href=\"https:\/\/oefn-wien.eckhel.at\/?page_id=196\" data-type=\"page\" data-id=\"196\">VIN 9<\/a>&nbsp;B. PROKISCH \u2013&nbsp;H. EMMERIG \u2013&nbsp;S. HEINZ \u2013&nbsp;M. ZAVADIL \u2013&nbsp;B. MARKSTEINER<br>Repertorium zur neuzeitlichen M\u00fcnzpr\u00e4gung Europas.<br>Band III: Heiliges R\u00f6misches Reich Deutscher Nation &#8211; Der Fr\u00e4nkische Reichskreis. Wien 2004.<br><strong>VERGRIFFEN<\/strong><\/li>\n\n\n\n<li><a href=\"https:\/\/numismatik.univie.ac.at\/forschung\/publikationen\/veroeffentlichungen-des-instituts-vin\/vin10\/\">VIN 10<\/a>&nbsp;H. EMMERIG (Hrsg.)<br>Vindobona docet. 40 Jahre Institut f\u00fcr Numismatik und Geldgeschichte der Universit\u00e4t Wien 1965-2005. Wien 2005 = Numismatische Zeitschrift Band 113\/114. Wien 2005.<\/li>\n\n\n\n<li><a href=\"https:\/\/numismatik.univie.ac.at\/forschung\/publikationen\/veroeffentlichungen-des-instituts-vin\/vin11\/\">VIN 11<\/a>&nbsp;B. PROKISCH<br>Die M\u00fcnzen und Medaillen des Deutschen Ordens in der Neuzeit. Wien 2006.<\/li>\n\n\n\n<li>VIN 12<a href=\"https:\/\/numismatik.univie.ac.at\/forschung\/publikationen\/veroeffentlichungen-des-instituts-vin\/vin12\/\">&nbsp;<\/a>B. PROKISCH<br>Die Raitpfennige in den \u00f6sterreichischen Erbl\u00e4ndern. Wien 2009.<\/li>\n\n\n\n<li><a href=\"https:\/\/numismatik.univie.ac.at\/forschung\/publikationen\/veroeffentlichungen-des-instituts-vin\/vin13\/\">VIN 13&nbsp;<\/a>W. HAHN \u2013 M. METLICH<br>Money of the Incipient Byzantine Empire Continued (Justin II \u2013 Revolt of the Heraclii, 565\u2013610). Wien 2009.<\/li>\n\n\n\n<li><a href=\"https:\/\/numismatik.univie.ac.at\/forschung\/publikationen\/veroeffentlichungen-des-instituts-vin\/vin14\/\">VIN 14<\/a>&nbsp;ST. KARWIESE<br>Die M\u00fcnzpr\u00e4gung von Ephesos. Band 5 Katalog und Aufbau der r\u00f6merzeitlichen Stadtpr\u00e4gung: 1. Katalog.&nbsp;Wien 2012.<br><strong>VERGRIFFEN<\/strong><\/li>\n\n\n\n<li><a href=\"https:\/\/numismatik.univie.ac.at\/forschung\/publikationen\/veroeffentlichungen-des-instituts-vin\/vin15\/\">VIN 15<\/a>&nbsp;W. HAHN<br>Money of the Incipient Byzantine Empire. Anastasius I &#8211; Justinian I, 491\u2013565, 2. Auflage. Wien 2013.<\/li>\n\n\n\n<li><a href=\"https:\/\/numismatik.univie.ac.at\/forschung\/publikationen\/veroeffentlichungen-des-instituts-vin\/vin16\/\">VIN 16<\/a>&nbsp;W. SZAIVERT \u2013&nbsp;N. SCHINDEL \u2013&nbsp;M. BECKERS \u2013&nbsp;K. VONDROVEC (Hrsg.)<br>TOYTO APECH TH XWRA. Festschrift f\u00fcr Wolfgang Hahn zum 70. Geburtstag. Wien 2015.<\/li>\n\n\n\n<li><a href=\"https:\/\/numismatik.univie.ac.at\/forschung\/publikationen\/veroeffentlichungen-des-instituts-vin\/vin17\/\">VIN 17<\/a>&nbsp;B. PROKISCH<br>Die Sammlung von Bergbaugepr\u00e4gen des Karl Ritter von Ernst. M\u00fcnzen, Marken, Medaillen, Rechenpfennige und Jetons aus dem 15. bis 20. Jahrhundert. Wien 2016.<\/li>\n\n\n\n<li><a href=\"https:\/\/oefn-wien.eckhel.at\/?page_id=186\" data-type=\"page\" data-id=\"186\">VIN 18<\/a>&nbsp;ST. KARWIESE<br>Die M\u00fcnzpr\u00e4gung von Ephesos. Band 5&nbsp;Corpus und Aufbau der r\u00f6merzeitlichen Stadtpr\u00e4gung: 2. Statistiken, Metrologie und Kommentare. Wien 2016.<\/li>\n\n\n\n<li><a href=\"https:\/\/oefn-wien.eckhel.at\/?page_id=189\" data-type=\"page\" data-id=\"189\">VIN 19<\/a>&nbsp;R. WOLTERS \u2013 M. ZIEGERT<br>Numismatik lehren in Europa. Beitr\u00e4ge der Internationalen Tagung vom 14.\u201316. Mai 2015 aus Anlass des 50-j\u00e4hrigen Bestehens des Instituts f\u00fcr Numismatik und Geldgeschichte der Universtit\u00e4t Wien. Wien 2017.<\/li>\n\n\n\n<li><a href=\"https:\/\/oefn-wien.eckhel.at\/?page_id=202\" data-type=\"page\" data-id=\"202\">VIN 20<\/a>&nbsp;ST. KARWIESE<br>Die M\u00fcnzpr\u00e4gung von Ephesos 2. Pr\u00e4geserien 7 bis 11 (5.\u20134. Jh. v. Chr.). Corpus und Aufbau der griechischen Stadtpr\u00e4gung mit allen erfassbaren Stempelnachweisen sowie numismatischen Analysen und Chronologien.<br><a href=\"https:\/\/phoibos.at\/en\/Series\/Series-Austria\/Veroeff-Inst-Numismatik-Wien\/Die-Muenzpraegung-von-Ephesos-Band-5-oxid.html\" target=\"_blank\" rel=\"noreferrer noopener\"><strong>Erh\u00e4ltlich beim Phoibos Verlag<\/strong><\/a><\/li>\n\n\n\n<li><a href=\"https:\/\/oefn-wien.eckhel.at\/?page_id=192\" data-type=\"page\" data-id=\"192\">VIN 21<\/a>&nbsp;W. HAHN \u2013 R. KECK<br>M\u00fcnzgeschichte der Ak\u00dfumitenk\u00f6nige in der Sp\u00e4tantike.<\/li>\n\n\n\n<li><a href=\"https:\/\/oefn-wien.eckhel.at\/?page_id=237\" data-type=\"page\" data-id=\"237\">VIN 22<\/a>&nbsp;M. ZIEGERT<br>Zwischen Tradition und Innovation. Die M\u00fcnzpr\u00e4gung Vespasians.<\/li>\n\n\n\n<li><a href=\"https:\/\/oefn-wien.eckhel.at\/?page_id=52\" data-type=\"page\" data-id=\"52\">VIN 23<\/a>&nbsp;M. BAER \u2013 W. FISCHER-BOSSERT \u2013 N. SCHINDEL (Hrsg.)<br>Cista mystica. Festschrift f\u00fcr Wolfgang Szaivert.<\/li>\n\n\n\n<li><a href=\"https:\/\/oefn-wien.eckhel.at\/?page_id=194\" data-type=\"page\" data-id=\"194\">VIN 24<\/a>&nbsp;M. PH. WAHL<br>Motivwanderungen. Studien zu \u00dcbernahme und Verbreitung von M\u00fcnzmotiven der Westgriechen in der Klassik.<\/li>\n\n\n\n<li><a href=\"https:\/\/oefn-wien.eckhel.at\/?page_id=103\" data-type=\"page\" data-id=\"103\">VIN 25<\/a>&nbsp;M. TONISCH<br>Omnia Romae cum pretio. L\u00f6hne, Preise und Werte im R\u00f6mischen Reich<\/li>\n\n\n\n<li><a href=\"https:\/\/oefn-wien.eckhel.at\/?page_id=234\" data-type=\"page\" data-id=\"234\">VIN 26<\/a>&nbsp;A. ASPETSBERGER \u2013 M. BOROS \u2013 J. HARTNER \u2013 A. HYLLA \u2013 A. L\u00d6RNITZO \u2013 B. PROKISCH (Hrsg.)<br>Swer den pfenninc liep h\u00e2t. Festschrift f\u00fcr Hubert Emmerig zum 65. Geburtstag.<\/li>\n<\/ul>\n\n\n\n<h2 class=\"wp-block-heading\">Unsere eigenen Publikationen<\/h2>\n\n\n\n<p>2024 wurde eine eigene Publikationsreihe: <br>Schriften der \u00d6sterreichischen Forschungsgesellschaft f\u00fcr Numismatik <br>ins Leben gerufen. <br><a href=\"https:\/\/oefn-wien.eckhel.at\/?page_id=361\" data-type=\"page\" data-id=\"361\">Band 1<\/a>:<br>Aleksandar N. BRZI\u0106: Hallmarking of Gold Coinage in Serbia and Yugoslavia 1882\u20131941. Wien 2024<\/p>\n\n\n\n<p>Diese Reihe soll auch weitere interessante B\u00e4nde herausbringen, die in der Institutsreihe keinen Platz gefunden haben. Insbesondre ist daran gedacht ausgezeichnete Abschlussarbeiten aus dem Institut zu publizieren um neue Themen auf den Markt zu bringen, die Bandbreite numismatischer Forschung in Wien zu dokumentieren und den jungen Forscherinnen und Forschern den Weg in die wissenschaftliche Welt zu erleichtern.ie Reihe VIN<\/p>\n\n\n\n<p><\/p>\n","protected":false},"excerpt":{"rendered":"<p>Die Reihe VIN Hier finden sich alle bisher publizierten B\u00e4nde ungeachtet ihrer Verf\u00fcgbarkeit. Diese beiden Ausgaben wurden vom Verlag Fassbaender publiziert und sind daher nicht \u00fcber die Forschungsgesellschaft zu beziehen. Unsere eigenen Publikationen 2024 wurde eine eigene Publikationsreihe: Schriften der \u00d6sterreichischen Forschungsgesellschaft f\u00fcr Numismatik ins Leben gerufen. Band 1:Aleksandar N. BRZI\u0106: Hallmarking of Gold Coinage &#8230; <a title=\"Unsere Publikationen\" class=\"read-more\" href=\"https:\/\/oefn-wien.eckhel.at\/?page_id=28\" aria-label=\"Mehr Informationen \u00fcber Unsere Publikationen\">Weiterlesen<\/a><\/p>\n","protected":false},"author":1,"featured_media":0,"parent":0,"menu_order":4,"comment_status":"closed","ping_status":"closed","template":"","meta":{"_uag_custom_page_level_css":"","footnotes":""},"class_list":["post-28","page","type-page","status-publish"],"uagb_featured_image_src":{"full":false,"thumbnail":false,"medium":false,"medium_large":false,"large":false,"1536x1536":false,"2048x2048":false},"uagb_author_info":{"display_name":"wszaivert","author_link":"https:\/\/oefn-wien.eckhel.at\/?author=1"},"uagb_comment_info":0,"uagb_excerpt":"Die Reihe VIN Hier finden sich alle bisher publizierten B\u00e4nde ungeachtet ihrer Verf\u00fcgbarkeit. Diese beiden Ausgaben wurden vom Verlag Fassbaender publiziert und sind daher nicht \u00fcber die Forschungsgesellschaft zu beziehen. Unsere eigenen Publikationen 2024 wurde eine eigene Publikationsreihe: Schriften der \u00d6sterreichischen Forschungsgesellschaft f\u00fcr Numismatik ins Leben gerufen. Band 1:Aleksandar N. BRZI\u0106: Hallmarking of Gold Coinage&hellip;","_links":{"self":[{"href":"https:\/\/oefn-wien.eckhel.at\/index.php?rest_route=\/wp\/v2\/pages\/28","targetHints":{"allow":["GET"]}}],"collection":[{"href":"https:\/\/oefn-wien.eckhel.at\/index.php?rest_route=\/wp\/v2\/pages"}],"about":[{"href":"https:\/\/oefn-wien.eckhel.at\/index.php?rest_route=\/wp\/v2\/types\/page"}],"author":[{"embeddable":true,"href":"https:\/\/oefn-wien.eckhel.at\/index.php?rest_route=\/wp\/v2\/users\/1"}],"replies":[{"embeddable":true,"href":"https:\/\/oefn-wien.eckhel.at\/index.php?rest_route=%2Fwp%2Fv2%2Fcomments&post=28"}],"version-history":[{"count":5,"href":"https:\/\/oefn-wien.eckhel.at\/index.php?rest_route=\/wp\/v2\/pages\/28\/revisions"}],"predecessor-version":[{"id":367,"href":"https:\/\/oefn-wien.eckhel.at\/index.php?rest_route=\/wp\/v2\/pages\/28\/revisions\/367"}],"wp:attachment":[{"href":"https:\/\/oefn-wien.eckhel.at\/index.php?rest_route=%2Fwp%2Fv2%2Fmedia&parent=28"}],"curies":[{"name":"wp","href":"https:\/\/api.w.org\/{rel}","templated":true}]}}