{"id":238,"date":"2025-02-15T09:47:52","date_gmt":"2025-02-15T08:47:52","guid":{"rendered":"https:\/\/oefn-wien.eckhel.at\/?page_id=238"},"modified":"2025-02-15T10:49:29","modified_gmt":"2025-02-15T09:49:29","slug":"vin-7-3","status":"publish","type":"page","link":"https:\/\/oefn-wien.eckhel.at\/?page_id=238","title":{"rendered":"VIN 7"},"content":{"rendered":"\n<div class=\"wp-block-columns are-vertically-aligned-center is-layout-flex wp-container-core-columns-is-layout-9d6595d7 wp-block-columns-is-layout-flex\">\n<div class=\"wp-block-column is-layout-flow wp-block-column-is-layout-flow\">\n<p><br>W. SZAIVERT &#8211; C. DABURON<br>Sylloge Nummorum Graecorum \u00d6sterreich. Sammlung Leypold. Kleinasiatische M\u00fcnzen der Kaiserzeit, Band I: Pontus &#8211; Lydien. Wien 2000. Format 21 x 29,7 cm &#8211; 207 Seiten (87 Tafeln) ISBN 3-9500530-4-2<br>\u20ac 40,00<\/p>\n\n\n\n<p>Bestellen Sie bitte bei der <a href=\"mailto:oefn.numismatik@univie.ac.at\">\u00d6FN <\/a>oder dem <a href=\"mailto:numismatik@uniiive.ac.at\">Institut<\/a>.<\/p>\n\n\n\n<p>Der vorliegende Band bringt den ersten Teil des auf zwei B\u00e4nde angelegten Katalogs der gr\u00f6\u00dften und bedeutendsten Privatsammlung kleinasiatischer M\u00fcnzen in \u00d6sterreich. Die Sammlung besteht ausschlie\u00dflich aus griechischen Gepr\u00e4gen der r\u00f6mischen Kaiserzeit von Augustus bis Claudius II. Gerade diese &#8220;Greek Imperials&#8221; &#8211; also M\u00fcnzen der kleinasiatischen St\u00e4dte in der r\u00f6mischen Kaiserzeit &#8211; erfreuen sich seit Jahren zunehmenden Interesses von Seiten der Sammler, des Handels, aber auch der Wissenschaft.<\/p>\n\n\n\n<p>Die insgesamt 1343 St\u00fcck des ersten Bandes werden durch die Hauptindizes (Stadt, Kaiser, Vorderseitentyp) erschlossen. Im zweiten Band sind dann Gesamtindizes enthalten, welche als Hilfe bei der Bestimmung auch schlecht erhaltener kleinasiatischer M\u00fcnzen gedacht sind. In dem Band findet also der Altertumskundler Belege f\u00fcr die Stadtgeschichte, f\u00fcr lokale Kulte und f\u00fcr das \u00f6ffentliche Leben der Stadt. Sammler und H\u00e4ndler finden damit einen leichteren Einstieg in das \u00fcber die verf\u00fcgbare Literatur oft nur schwer zu erschlie\u00dfende Gebiet.<\/p>\n<\/div>\n\n\n\n<div class=\"wp-block-column is-layout-flow wp-block-column-is-layout-flow\">\n<figure class=\"wp-block-image size-full is-resized\"><img fetchpriority=\"high\" decoding=\"async\" width=\"847\" height=\"1165\" src=\"http:\/\/oefn-wien.eckhel.at\/wp-content\/uploads\/2025\/02\/VIN-7.gif\" alt=\"\" class=\"wp-image-75\" style=\"width:517px;height:auto\"\/><\/figure>\n<\/div>\n<\/div>\n\n\n\n<p><\/p>\n","protected":false},"excerpt":{"rendered":"<p>W. SZAIVERT &#8211; C. DABURONSylloge Nummorum Graecorum \u00d6sterreich. Sammlung Leypold. Kleinasiatische M\u00fcnzen der Kaiserzeit, Band I: Pontus &#8211; Lydien. Wien 2000. Format 21 x 29,7 cm &#8211; 207 Seiten (87 Tafeln) ISBN 3-9500530-4-2\u20ac 40,00 Bestellen Sie bitte bei der \u00d6FN oder dem Institut. Der vorliegende Band bringt den ersten Teil des auf zwei B\u00e4nde angelegten &#8230; <a title=\"VIN 7\" class=\"read-more\" href=\"https:\/\/oefn-wien.eckhel.at\/?page_id=238\" aria-label=\"Mehr Informationen \u00fcber VIN 7\">Weiterlesen<\/a><\/p>\n","protected":false},"author":1,"featured_media":0,"parent":28,"menu_order":7,"comment_status":"closed","ping_status":"closed","template":"","meta":{"_uag_custom_page_level_css":"","footnotes":""},"class_list":["post-238","page","type-page","status-publish"],"uagb_featured_image_src":{"full":false,"thumbnail":false,"medium":false,"medium_large":false,"large":false,"1536x1536":false,"2048x2048":false},"uagb_author_info":{"display_name":"wszaivert","author_link":"https:\/\/oefn-wien.eckhel.at\/?author=1"},"uagb_comment_info":0,"uagb_excerpt":"W. SZAIVERT &#8211; C. DABURONSylloge Nummorum Graecorum \u00d6sterreich. Sammlung Leypold. Kleinasiatische M\u00fcnzen der Kaiserzeit, Band I: Pontus &#8211; Lydien. Wien 2000. Format 21 x 29,7 cm &#8211; 207 Seiten (87 Tafeln) ISBN 3-9500530-4-2\u20ac 40,00 Bestellen Sie bitte bei der \u00d6FN oder dem Institut. Der vorliegende Band bringt den ersten Teil des auf zwei B\u00e4nde angelegten&hellip;","_links":{"self":[{"href":"https:\/\/oefn-wien.eckhel.at\/index.php?rest_route=\/wp\/v2\/pages\/238","targetHints":{"allow":["GET"]}}],"collection":[{"href":"https:\/\/oefn-wien.eckhel.at\/index.php?rest_route=\/wp\/v2\/pages"}],"about":[{"href":"https:\/\/oefn-wien.eckhel.at\/index.php?rest_route=\/wp\/v2\/types\/page"}],"author":[{"embeddable":true,"href":"https:\/\/oefn-wien.eckhel.at\/index.php?rest_route=\/wp\/v2\/users\/1"}],"replies":[{"embeddable":true,"href":"https:\/\/oefn-wien.eckhel.at\/index.php?rest_route=%2Fwp%2Fv2%2Fcomments&post=238"}],"version-history":[{"count":3,"href":"https:\/\/oefn-wien.eckhel.at\/index.php?rest_route=\/wp\/v2\/pages\/238\/revisions"}],"predecessor-version":[{"id":350,"href":"https:\/\/oefn-wien.eckhel.at\/index.php?rest_route=\/wp\/v2\/pages\/238\/revisions\/350"}],"up":[{"embeddable":true,"href":"https:\/\/oefn-wien.eckhel.at\/index.php?rest_route=\/wp\/v2\/pages\/28"}],"wp:attachment":[{"href":"https:\/\/oefn-wien.eckhel.at\/index.php?rest_route=%2Fwp%2Fv2%2Fmedia&parent=238"}],"curies":[{"name":"wp","href":"https:\/\/api.w.org\/{rel}","templated":true}]}}