{"id":222,"date":"2025-02-14T16:01:52","date_gmt":"2025-02-14T15:01:52","guid":{"rendered":"https:\/\/oefn-wien.eckhel.at\/?page_id=222"},"modified":"2025-02-15T10:48:38","modified_gmt":"2025-02-15T09:48:38","slug":"vin-4-3","status":"publish","type":"page","link":"https:\/\/oefn-wien.eckhel.at\/?page_id=222","title":{"rendered":"VIN 4"},"content":{"rendered":"\n<div class=\"wp-block-columns are-vertically-aligned-center is-layout-flex wp-container-core-columns-is-layout-9d6595d7 wp-block-columns-is-layout-flex\">\n<div class=\"wp-block-column is-layout-flow wp-block-column-is-layout-flow\">\n<p><\/p>\n\n\n\n<p>B. PROKISCH &#8211; H. EMMERIG &#8211; S. HEINZ &#8211; M. HEINTZ &#8211; M. ZAVADIL &#8211; D. LEPUSCHITZ<br>Repertorium zur neuzeitlichen M\u00fcnzpr\u00e4gung Europas. Band II: Heiliges R\u00f6misches Reich Deutscher Nation &#8211; Der Bayerische Reichskreis. Wien 1996. Format 25,7 x 36,4 cm &#8211; 200 Seiten &#8211; ca. 700 Abbildungen ISBN 3-9500530-1-8 \u20ac 50,00<\/p>\n\n\n\n<p>Bestellen Sie bitte bei der <a href=\"mailto:oefn.numismatik@univie.ac.at\" data-type=\"mailto\" data-id=\"mailto:oefn.numismatik@univie.ac.at\">\u00d6FN <\/a>oder dem <a href=\"mailto:numismatik@uniiive.ac.at\">Institut<\/a>.<\/p>\n\n\n\n<p>Dieses Buch stellt Band II der auf neunzehn Teile konzipierten Gesamtreihe &#8220;Repertorium zur Neuzeitlichen M\u00fcnzpr\u00e4gung Europas&#8221; dar und umfa\u00dft die Pr\u00e4gungen der M\u00fcnzst\u00e4nde des Bayerischen Reichskreises vom Ausgang des Mittelalters bis 1806.<\/p>\n<\/div>\n\n\n\n<div class=\"wp-block-column is-layout-flow wp-block-column-is-layout-flow\">\n<figure class=\"wp-block-image size-full is-resized\"><img fetchpriority=\"high\" decoding=\"async\" width=\"847\" height=\"1207\" src=\"http:\/\/oefn-wien.eckhel.at\/wp-content\/uploads\/2025\/02\/vin-4.gif\" alt=\"\" class=\"wp-image-53\" style=\"width:342px;height:auto\"\/><\/figure>\n<\/div>\n<\/div>\n\n\n\n<h3 class=\"wp-block-heading\">Inhalt<\/h3>\n\n\n\n<figure class=\"wp-block-table\"><table class=\"has-fixed-layout\"><tbody><tr><td>Bayern<\/td><td>Haag<\/td><td>Pfalz-Neuburg<\/td><\/tr><tr><td>Braunau<\/td><td>Leuchtenberg<\/td><td>Pfalz-Sulzbach<\/td><\/tr><tr><td>Chiemsee<\/td><td>Oberpfalz<\/td><td>Regensburg<\/td><\/tr><tr><td>Freising<\/td><td>Passau<\/td><td>Salzburg<\/td><\/tr><\/tbody><\/table><\/figure>\n","protected":false},"excerpt":{"rendered":"<p>B. PROKISCH &#8211; H. EMMERIG &#8211; S. HEINZ &#8211; M. HEINTZ &#8211; M. ZAVADIL &#8211; D. LEPUSCHITZRepertorium zur neuzeitlichen M\u00fcnzpr\u00e4gung Europas. Band II: Heiliges R\u00f6misches Reich Deutscher Nation &#8211; Der Bayerische Reichskreis. Wien 1996. Format 25,7 x 36,4 cm &#8211; 200 Seiten &#8211; ca. 700 Abbildungen ISBN 3-9500530-1-8 \u20ac 50,00 Bestellen Sie bitte bei der &#8230; <a title=\"VIN 4\" class=\"read-more\" href=\"https:\/\/oefn-wien.eckhel.at\/?page_id=222\" aria-label=\"Mehr Informationen \u00fcber VIN 4\">Weiterlesen<\/a><\/p>\n","protected":false},"author":1,"featured_media":0,"parent":28,"menu_order":4,"comment_status":"closed","ping_status":"closed","template":"","meta":{"_uag_custom_page_level_css":"","footnotes":""},"class_list":["post-222","page","type-page","status-publish"],"uagb_featured_image_src":{"full":false,"thumbnail":false,"medium":false,"medium_large":false,"large":false,"1536x1536":false,"2048x2048":false},"uagb_author_info":{"display_name":"wszaivert","author_link":"https:\/\/oefn-wien.eckhel.at\/?author=1"},"uagb_comment_info":0,"uagb_excerpt":"B. PROKISCH &#8211; H. EMMERIG &#8211; S. HEINZ &#8211; M. HEINTZ &#8211; M. ZAVADIL &#8211; D. LEPUSCHITZRepertorium zur neuzeitlichen M\u00fcnzpr\u00e4gung Europas. Band II: Heiliges R\u00f6misches Reich Deutscher Nation &#8211; Der Bayerische Reichskreis. Wien 1996. Format 25,7 x 36,4 cm &#8211; 200 Seiten &#8211; ca. 700 Abbildungen ISBN 3-9500530-1-8 \u20ac 50,00 Bestellen Sie bitte bei der&hellip;","_links":{"self":[{"href":"https:\/\/oefn-wien.eckhel.at\/index.php?rest_route=\/wp\/v2\/pages\/222","targetHints":{"allow":["GET"]}}],"collection":[{"href":"https:\/\/oefn-wien.eckhel.at\/index.php?rest_route=\/wp\/v2\/pages"}],"about":[{"href":"https:\/\/oefn-wien.eckhel.at\/index.php?rest_route=\/wp\/v2\/types\/page"}],"author":[{"embeddable":true,"href":"https:\/\/oefn-wien.eckhel.at\/index.php?rest_route=\/wp\/v2\/users\/1"}],"replies":[{"embeddable":true,"href":"https:\/\/oefn-wien.eckhel.at\/index.php?rest_route=%2Fwp%2Fv2%2Fcomments&post=222"}],"version-history":[{"count":4,"href":"https:\/\/oefn-wien.eckhel.at\/index.php?rest_route=\/wp\/v2\/pages\/222\/revisions"}],"predecessor-version":[{"id":347,"href":"https:\/\/oefn-wien.eckhel.at\/index.php?rest_route=\/wp\/v2\/pages\/222\/revisions\/347"}],"up":[{"embeddable":true,"href":"https:\/\/oefn-wien.eckhel.at\/index.php?rest_route=\/wp\/v2\/pages\/28"}],"wp:attachment":[{"href":"https:\/\/oefn-wien.eckhel.at\/index.php?rest_route=%2Fwp%2Fv2%2Fmedia&parent=222"}],"curies":[{"name":"wp","href":"https:\/\/api.w.org\/{rel}","templated":true}]}}