{"id":218,"date":"2025-02-14T15:55:30","date_gmt":"2025-02-14T14:55:30","guid":{"rendered":"https:\/\/oefn-wien.eckhel.at\/?page_id=218"},"modified":"2025-02-15T10:50:43","modified_gmt":"2025-02-15T09:50:43","slug":"vin-3_","status":"publish","type":"page","link":"https:\/\/oefn-wien.eckhel.at\/?page_id=218","title":{"rendered":"VIN 3"},"content":{"rendered":"\n<div class=\"wp-block-columns are-vertically-aligned-center is-layout-flex wp-container-core-columns-is-layout-9d6595d7 wp-block-columns-is-layout-flex\">\n<div class=\"wp-block-column is-layout-flow wp-block-column-is-layout-flow\">\n<p>B. PROKISCH &#8211; R. DENK &#8211; K. REINISCH &#8211; A. SCHWAB-TRAU<br>Die Sammlung nachantiker M\u00fcnzen und Medaillen im Zisterzienserstift Wilhering. Teil I: Die mittelalterlichen und neuzeitlichen M\u00fcnzen. Wien 1996.<br>Format 20,8 x 29,7 cm &#8211; 169 Seiten &#8211; 27 Tafeln<br>ISBN 3-9500530-0-X<br><\/p>\n\n\n\n<p><strong>(VERGRIFFEN)<\/strong><\/p>\n\n\n\n<p>Der vorliegende Band enth\u00e4lt einen Gesamtkatalog der mittelalterlichen und neuzeitlichen M\u00fcnzbest\u00e4nde in der M\u00fcnz- und Medaillensammlung des Zisterzienserstiftes Wilhering in Ober\u00f6sterreich. Die universell angelegte Kollektion umfa\u00dft trotz Kriegsverlusten derzeit mehr als 9000 St\u00fccke vom Mittelalter bis zur Moderne. <br>Einige im Stift verwahrte Fundkomplexe sind der Generalsammlung als Anhang angef\u00fcgt.<\/p>\n<\/div>\n\n\n\n<div class=\"wp-block-column is-layout-flow wp-block-column-is-layout-flow\">\n<figure class=\"wp-block-image size-full is-resized\"><img fetchpriority=\"high\" decoding=\"async\" width=\"195\" height=\"258\" src=\"https:\/\/oefn-wien.eckhel.at\/wp-content\/uploads\/2025\/02\/VIN-3-1.jpg\" alt=\"\" class=\"wp-image-219\" style=\"width:371px;height:auto\"\/><\/figure>\n<\/div>\n<\/div>\n\n\n\n<p><\/p>\n","protected":false},"excerpt":{"rendered":"<p>B. PROKISCH &#8211; R. DENK &#8211; K. REINISCH &#8211; A. SCHWAB-TRAUDie Sammlung nachantiker M\u00fcnzen und Medaillen im Zisterzienserstift Wilhering. Teil I: Die mittelalterlichen und neuzeitlichen M\u00fcnzen. Wien 1996.Format 20,8 x 29,7 cm &#8211; 169 Seiten &#8211; 27 TafelnISBN 3-9500530-0-X (VERGRIFFEN) Der vorliegende Band enth\u00e4lt einen Gesamtkatalog der mittelalterlichen und neuzeitlichen M\u00fcnzbest\u00e4nde in der M\u00fcnz- und &#8230; <a title=\"VIN 3\" class=\"read-more\" href=\"https:\/\/oefn-wien.eckhel.at\/?page_id=218\" aria-label=\"Mehr Informationen \u00fcber VIN 3\">Weiterlesen<\/a><\/p>\n","protected":false},"author":1,"featured_media":0,"parent":28,"menu_order":3,"comment_status":"closed","ping_status":"closed","template":"","meta":{"_uag_custom_page_level_css":"","footnotes":""},"class_list":["post-218","page","type-page","status-publish"],"uagb_featured_image_src":{"full":false,"thumbnail":false,"medium":false,"medium_large":false,"large":false,"1536x1536":false,"2048x2048":false},"uagb_author_info":{"display_name":"wszaivert","author_link":"https:\/\/oefn-wien.eckhel.at\/?author=1"},"uagb_comment_info":0,"uagb_excerpt":"B. PROKISCH &#8211; R. DENK &#8211; K. REINISCH &#8211; A. SCHWAB-TRAUDie Sammlung nachantiker M\u00fcnzen und Medaillen im Zisterzienserstift Wilhering. Teil I: Die mittelalterlichen und neuzeitlichen M\u00fcnzen. Wien 1996.Format 20,8 x 29,7 cm &#8211; 169 Seiten &#8211; 27 TafelnISBN 3-9500530-0-X (VERGRIFFEN) Der vorliegende Band enth\u00e4lt einen Gesamtkatalog der mittelalterlichen und neuzeitlichen M\u00fcnzbest\u00e4nde in der M\u00fcnz- und&hellip;","_links":{"self":[{"href":"https:\/\/oefn-wien.eckhel.at\/index.php?rest_route=\/wp\/v2\/pages\/218","targetHints":{"allow":["GET"]}}],"collection":[{"href":"https:\/\/oefn-wien.eckhel.at\/index.php?rest_route=\/wp\/v2\/pages"}],"about":[{"href":"https:\/\/oefn-wien.eckhel.at\/index.php?rest_route=\/wp\/v2\/types\/page"}],"author":[{"embeddable":true,"href":"https:\/\/oefn-wien.eckhel.at\/index.php?rest_route=\/wp\/v2\/users\/1"}],"replies":[{"embeddable":true,"href":"https:\/\/oefn-wien.eckhel.at\/index.php?rest_route=%2Fwp%2Fv2%2Fcomments&post=218"}],"version-history":[{"count":5,"href":"https:\/\/oefn-wien.eckhel.at\/index.php?rest_route=\/wp\/v2\/pages\/218\/revisions"}],"predecessor-version":[{"id":344,"href":"https:\/\/oefn-wien.eckhel.at\/index.php?rest_route=\/wp\/v2\/pages\/218\/revisions\/344"}],"up":[{"embeddable":true,"href":"https:\/\/oefn-wien.eckhel.at\/index.php?rest_route=\/wp\/v2\/pages\/28"}],"wp:attachment":[{"href":"https:\/\/oefn-wien.eckhel.at\/index.php?rest_route=%2Fwp%2Fv2%2Fmedia&parent=218"}],"curies":[{"name":"wp","href":"https:\/\/api.w.org\/{rel}","templated":true}]}}