{"id":202,"date":"2025-02-14T15:52:03","date_gmt":"2025-02-14T14:52:03","guid":{"rendered":"https:\/\/oefn-wien.eckhel.at\/?page_id=202"},"modified":"2025-02-15T10:45:25","modified_gmt":"2025-02-15T09:45:25","slug":"vin-12_","status":"publish","type":"page","link":"https:\/\/oefn-wien.eckhel.at\/?page_id=202","title":{"rendered":"VIN 20"},"content":{"rendered":"\n<div class=\"wp-block-columns are-vertically-aligned-center is-layout-flex wp-container-core-columns-is-layout-9d6595d7 wp-block-columns-is-layout-flex\">\n<div class=\"wp-block-column is-layout-flow wp-block-column-is-layout-flow\">\n<p>STEFAN KARWIESE<br>Die M\u00fcnzpr\u00e4gung von Ephesos 2. Pr\u00e4geserien 7 bis 11 (5.\u20134. Jh. v. Chr.). Corpus und Aufbau der griechischen Stadtpr\u00e4gung mit allen erfassbaren Stempelnachweisen sowie numismatischen Analysen und Chronologien.<br>Wien 2019, ISBN 978-3-85161-215-8, Format 25,5 x 36 cm \u2013 328 Seiten \u2013 zahlreiche Abbildungen. Phoibos Verlag, Wien.\u00a0<\/p>\n\n\n\n<p><br><strong><a href=\"https:\/\/phoibos.at\/en\/Series\/Series-Austria\/Veroeff-Inst-Numismatik-Wien\/Die-Muenzpraegung-von-Ephesos-Band-5-oxid.html\" target=\"_blank\" rel=\"noreferrer noopener\">Erh\u00e4ltlich beim Phoibos Verlag<\/a><\/strong>\u00a0(\u20ac 99,00).<\/p>\n\n\n\n<p>Dieser Band umfasst nach MvE 1, 5.1 und 5.2 die Pr\u00e4geserien 7 bis 11, also die Zeit von der Mitte des 5. Jh.s bis Ende des 4. Jh.s v. Chr.<\/p>\n\n\n\n<p>Beginnend mit einfachen Drachmen und Didrachmen (Vorderseiten mit Biene und Ethnikon E\u03a6E, R\u00fcckseiten noch bildlos) erreichte die Pr\u00e4gung einen ersten H\u00f6hepunkt im Jahre 405 (Serie 9), als Ephesos als Mitglied eines gegen Athen gerichteten jonischen St\u00e4dtebundes neben der Biene als gemeinsames Wappen den schlangent\u00f6tenden Heraklesknaben pr\u00e4sentierte. Als eine erste M\u00fcnzserie mit politischem Charakter ist dies auch die erste datierbare. Sie steht am Beginn aller nachfolgenden Serien mit Nennung der Pr\u00e4geverantwortlichen. Allein in Serie 11 (Tetradrachmen) treten an die 300 Namen entgegen, weshalb diese M\u00e4nner kaum eponyme \u201eJahresbeamte\u201c gewesen sein k\u00f6nnen, sondern am ehesten \u201eM\u00fcnzmeister\u201c oder gar Stifter. Neben diesen in Silber ausgebrachten Serien wurden jetzt auch M\u00fcnzen in Kupfer (mit der charakteristischen Hirschkuh auf der R\u00fcckseite) emittiert, deren Namen mit den Silberserien korrelieren: ihr Beginn und damit jener der Kupferpr\u00e4gung \u00fcberhaupt ist um 400 anzusetzen.<\/p>\n\n\n\n<p>Im Anschluss an den (korpusartigen) Katalog folgen metrologische Aufschl\u00fcsselungen, ein umfassender Bild-Thesaurus sowie eine Analyse der einschl\u00e4gigen Horte, sodann eine General\u00fcbersicht der Serie 11.1, schlie\u00dflich eine Synopsis der ephesischen M\u00fcnznamen in den Serien 9 bis 11.4. Den Abschluss bilden eine Zusammenfassung, der Generalindex und ein griechischer Kontr\u00e4rindex.<\/p>\n<\/div>\n\n\n\n<div class=\"wp-block-column is-layout-flow wp-block-column-is-layout-flow\">\n<figure class=\"wp-block-image size-full\"><img fetchpriority=\"high\" decoding=\"async\" width=\"709\" height=\"1049\" src=\"https:\/\/oefn-wien.eckhel.at\/wp-content\/uploads\/2025\/02\/vin-20.jpg\" alt=\"\" class=\"wp-image-270\" srcset=\"https:\/\/oefn-wien.eckhel.at\/wp-content\/uploads\/2025\/02\/vin-20.jpg 709w, https:\/\/oefn-wien.eckhel.at\/wp-content\/uploads\/2025\/02\/vin-20-203x300.jpg 203w, https:\/\/oefn-wien.eckhel.at\/wp-content\/uploads\/2025\/02\/vin-20-692x1024.jpg 692w\" sizes=\"(max-width: 709px) 100vw, 709px\" \/><\/figure>\n<\/div>\n<\/div>\n\n\n\n<p><\/p>\n","protected":false},"excerpt":{"rendered":"<p>STEFAN KARWIESEDie M\u00fcnzpr\u00e4gung von Ephesos 2. Pr\u00e4geserien 7 bis 11 (5.\u20134. Jh. v. Chr.). Corpus und Aufbau der griechischen Stadtpr\u00e4gung mit allen erfassbaren Stempelnachweisen sowie numismatischen Analysen und Chronologien.Wien 2019, ISBN 978-3-85161-215-8, Format 25,5 x 36 cm \u2013 328 Seiten \u2013 zahlreiche Abbildungen. Phoibos Verlag, Wien.\u00a0 Erh\u00e4ltlich beim Phoibos Verlag\u00a0(\u20ac 99,00). Dieser Band umfasst nach &#8230; <a title=\"VIN 20\" class=\"read-more\" href=\"https:\/\/oefn-wien.eckhel.at\/?page_id=202\" aria-label=\"Mehr Informationen \u00fcber VIN 20\">Weiterlesen<\/a><\/p>\n","protected":false},"author":1,"featured_media":0,"parent":28,"menu_order":20,"comment_status":"closed","ping_status":"closed","template":"","meta":{"_uag_custom_page_level_css":"","footnotes":""},"class_list":["post-202","page","type-page","status-publish"],"uagb_featured_image_src":{"full":false,"thumbnail":false,"medium":false,"medium_large":false,"large":false,"1536x1536":false,"2048x2048":false},"uagb_author_info":{"display_name":"wszaivert","author_link":"https:\/\/oefn-wien.eckhel.at\/?author=1"},"uagb_comment_info":0,"uagb_excerpt":"STEFAN KARWIESEDie M\u00fcnzpr\u00e4gung von Ephesos 2. Pr\u00e4geserien 7 bis 11 (5.\u20134. Jh. v. Chr.). Corpus und Aufbau der griechischen Stadtpr\u00e4gung mit allen erfassbaren Stempelnachweisen sowie numismatischen Analysen und Chronologien.Wien 2019, ISBN 978-3-85161-215-8, Format 25,5 x 36 cm \u2013 328 Seiten \u2013 zahlreiche Abbildungen. Phoibos Verlag, Wien.\u00a0 Erh\u00e4ltlich beim Phoibos Verlag\u00a0(\u20ac 99,00). Dieser Band umfasst nach&hellip;","_links":{"self":[{"href":"https:\/\/oefn-wien.eckhel.at\/index.php?rest_route=\/wp\/v2\/pages\/202","targetHints":{"allow":["GET"]}}],"collection":[{"href":"https:\/\/oefn-wien.eckhel.at\/index.php?rest_route=\/wp\/v2\/pages"}],"about":[{"href":"https:\/\/oefn-wien.eckhel.at\/index.php?rest_route=\/wp\/v2\/types\/page"}],"author":[{"embeddable":true,"href":"https:\/\/oefn-wien.eckhel.at\/index.php?rest_route=\/wp\/v2\/users\/1"}],"replies":[{"embeddable":true,"href":"https:\/\/oefn-wien.eckhel.at\/index.php?rest_route=%2Fwp%2Fv2%2Fcomments&post=202"}],"version-history":[{"count":5,"href":"https:\/\/oefn-wien.eckhel.at\/index.php?rest_route=\/wp\/v2\/pages\/202\/revisions"}],"predecessor-version":[{"id":336,"href":"https:\/\/oefn-wien.eckhel.at\/index.php?rest_route=\/wp\/v2\/pages\/202\/revisions\/336"}],"up":[{"embeddable":true,"href":"https:\/\/oefn-wien.eckhel.at\/index.php?rest_route=\/wp\/v2\/pages\/28"}],"wp:attachment":[{"href":"https:\/\/oefn-wien.eckhel.at\/index.php?rest_route=%2Fwp%2Fv2%2Fmedia&parent=202"}],"curies":[{"name":"wp","href":"https:\/\/api.w.org\/{rel}","templated":true}]}}