{"id":198,"date":"2025-02-14T11:26:08","date_gmt":"2025-02-14T10:26:08","guid":{"rendered":"https:\/\/oefn-wien.eckhel.at\/?page_id=198"},"modified":"2025-02-15T10:48:05","modified_gmt":"2025-02-15T09:48:05","slug":"vin-10_","status":"publish","type":"page","link":"https:\/\/oefn-wien.eckhel.at\/?page_id=198","title":{"rendered":"VIN 17"},"content":{"rendered":"\n<div class=\"wp-block-columns are-vertically-aligned-center is-layout-flex wp-container-core-columns-is-layout-9d6595d7 wp-block-columns-is-layout-flex\">\n<div class=\"wp-block-column is-layout-flow wp-block-column-is-layout-flow\">\n<p>Bernhard Prokisch<br>Die Sammlung von Bergbaugepr\u00e4gen des Karl Ritter von Ernst. M\u00fcnzen, Marken, Medaillen, Rechenpfennige und Jetons aus dem 15. bis 20. Jahrhundert<br>476 Seiten, 210 x 297 mm, broschiert<br>ISBN 978-3-9501987-6-8 (\u00d6FN) und 978-3-902183-24-8 (TMW)<br>\u20ac 68,-<\/p>\n\n\n\n<p>Bestellen Sie bitte bei der <a href=\"mailto:oefn.numismatik@univie.ac.at\">\u00d6FN <\/a>oder dem <a href=\"mailto:numismatik@uniiive.ac.at\">Institut<\/a>.<\/p>\n\n\n\n<p>Im August 2016 erschien nach lange andauernder Vorbereitungszeit der Band 17 unserer Reihe \u201eVer\u00f6ffentlichungen des Institutes f\u00fcr Numismatik und Geldgeschichte\u201c. Er beinhaltet den Bestandskatalog einer Sammlung von Bergbaugepr\u00e4gen, die im sp\u00e4teren 19. und fr\u00fchen 20. Jahrhundert vom Bergbauingenieur und hohen Ministerialbeamten Karl Ritter von Ernst (* 1833, \u2020 1911) zusammengetragen wurde und nach dessen Tod \u00fcber Umwege in das Technische Museum Wien gelangte. Die weitgehend vollst\u00e4ndig erhaltene Kollektion enth\u00e4lt insgesamt 1142 M\u00fcnzen, Medaillen, Marken und Rechenpfennige, s\u00e4mtlich mit Bezug zum Montanwesen. Der Schwerpunkt der Sammlung liegt auf Gepr\u00e4gen aus der \u00f6sterreichisch-ungarischen Monarchie und des Deutschen Reiches, wird jedoch von Material aus den verschiedenen Bergbaugebieten Europas und Au\u00dfereuropas erg\u00e4nzt. Wenn die Sammlung in Umfang und Qualit\u00e4t auch nicht an die gro\u00dfen Bergbaukollektionen (Schmula-Krappitz, Vogelsang, Preussag AG) heranreicht, enth\u00e4lt sie doch eine Reihe bemerkenswerter, darunter auch bislang unbekannter St\u00fccke.<\/p>\n\n\n\n<p>Die Arbeit an der Sammlung setzte mit zwei Lehrveranstaltungen im Wintersemester 2007 2008 und im Sommersemester 2009 ein, in deren Rahmen ein Teil des Materials bestimmt und katalogisiert werden konnte, in den folgenden Jahren wurde der Katalog fertiggestellt und die Sammlungsgeschichte gekl\u00e4rt. Besonderes Augenmerk wurde auf die Pers\u00f6nlichkeit des Sammlers gelegt, der zu den \u2013 v\u00f6llig zu Unrecht heute weitgehend vergessenen \u2013 \u00f6sterreichischen Numismatikern z\u00e4hlt. Er war neben seiner Sammelt\u00e4tigkeit vielfach publizistisch t\u00e4tig (die im Buch angef\u00fchrte Publikationsliste weist einen beeindruckenden Umfang auf), und bet\u00e4tigte sich im Vorstand der Wiener Numismatischen Gesellschaft in Wien, zu deren Gr\u00fcndungsmitgliedern er z\u00e4hlte. Dar\u00fcber hinaus fungierte er viele Jahre hindurch als Redakteur der \u201eNumismatischen Zeitschrift\u201c und des \u201eMonatsblatts\u201c.<\/p>\n\n\n\n<p>Karl von Ernst war damit ein Exponent jenes gehobenen B\u00fcrgertums der zweiten H\u00e4lfte des 19. und des fr\u00fchen 20. Jahrhunderts, das \u2013 weltoffen und liberal orientiert \u2013 wissenschaftlich orientierte Sammelt\u00e4tigkeit mit gesellschaftlichem Engagement und literarischer Arbeit verband.<\/p>\n\n\n\n<p>Die Realisierung des Buches erfolgte in enger Zusammenarbeit zwischen dem Technischen Museum Wien und dem Institut, die Finanzierung gelang nicht zuletzt durch private Unterst\u00fctzung.<\/p>\n\n\n\n<p>Das nunmehr mit der Publikation abgeschlossene Unternehmen darf \u2013 \u00fcber das unmittelbare Ergebnis hinaus \u2013 als gegl\u00fcckte Kooperation zwischen der Universit\u00e4t Wien und einem der f\u00fchrenden Bundesmuseen betrachtet werden. Unser Dank gilt allen Beteiligten, vor allem Dr. Helmut Lackner, dem Wissenschaftlichen Stellvertreter der Gesch\u00e4ftsf\u00fchrung des Technischen Museums, Dr. Susanna Heinz sowie Frau Ursula Emesz, ohne deren Engagement diese Publikation nicht h\u00e4tte realisiert werden k\u00f6nnen.<\/p>\n<\/div>\n\n\n\n<div class=\"wp-block-column is-layout-flow wp-block-column-is-layout-flow\">\n<figure class=\"wp-block-image size-large is-resized\"><img fetchpriority=\"high\" decoding=\"async\" width=\"699\" height=\"1024\" src=\"http:\/\/oefn-wien.eckhel.at\/wp-content\/uploads\/2025\/02\/vin-17-699x1024.jpg\" alt=\"\" class=\"wp-image-261\" style=\"width:443px;height:auto\" srcset=\"https:\/\/oefn-wien.eckhel.at\/wp-content\/uploads\/2025\/02\/vin-17-699x1024.jpg 699w, https:\/\/oefn-wien.eckhel.at\/wp-content\/uploads\/2025\/02\/vin-17-205x300.jpg 205w, https:\/\/oefn-wien.eckhel.at\/wp-content\/uploads\/2025\/02\/vin-17-768x1125.jpg 768w, https:\/\/oefn-wien.eckhel.at\/wp-content\/uploads\/2025\/02\/vin-17.jpg 847w\" sizes=\"(max-width: 699px) 100vw, 699px\" \/><\/figure>\n<\/div>\n<\/div>\n\n\n\n<div class=\"wp-block-group is-nowrap is-layout-flex wp-container-core-group-is-layout-ad2f72ca wp-block-group-is-layout-flex\"><\/div>\n","protected":false},"excerpt":{"rendered":"<p>Bernhard ProkischDie Sammlung von Bergbaugepr\u00e4gen des Karl Ritter von Ernst. M\u00fcnzen, Marken, Medaillen, Rechenpfennige und Jetons aus dem 15. bis 20. Jahrhundert476 Seiten, 210 x 297 mm, broschiertISBN 978-3-9501987-6-8 (\u00d6FN) und 978-3-902183-24-8 (TMW)\u20ac 68,- Bestellen Sie bitte bei der \u00d6FN oder dem Institut. Im August 2016 erschien nach lange andauernder Vorbereitungszeit der Band 17 unserer &#8230; <a title=\"VIN 17\" class=\"read-more\" href=\"https:\/\/oefn-wien.eckhel.at\/?page_id=198\" aria-label=\"Mehr Informationen \u00fcber VIN 17\">Weiterlesen<\/a><\/p>\n","protected":false},"author":1,"featured_media":0,"parent":28,"menu_order":17,"comment_status":"closed","ping_status":"closed","template":"","meta":{"_uag_custom_page_level_css":"","footnotes":""},"class_list":["post-198","page","type-page","status-publish"],"uagb_featured_image_src":{"full":false,"thumbnail":false,"medium":false,"medium_large":false,"large":false,"1536x1536":false,"2048x2048":false},"uagb_author_info":{"display_name":"wszaivert","author_link":"https:\/\/oefn-wien.eckhel.at\/?author=1"},"uagb_comment_info":0,"uagb_excerpt":"Bernhard ProkischDie Sammlung von Bergbaugepr\u00e4gen des Karl Ritter von Ernst. M\u00fcnzen, Marken, Medaillen, Rechenpfennige und Jetons aus dem 15. bis 20. Jahrhundert476 Seiten, 210 x 297 mm, broschiertISBN 978-3-9501987-6-8 (\u00d6FN) und 978-3-902183-24-8 (TMW)\u20ac 68,- Bestellen Sie bitte bei der \u00d6FN oder dem Institut. Im August 2016 erschien nach lange andauernder Vorbereitungszeit der Band 17 unserer&hellip;","_links":{"self":[{"href":"https:\/\/oefn-wien.eckhel.at\/index.php?rest_route=\/wp\/v2\/pages\/198","targetHints":{"allow":["GET"]}}],"collection":[{"href":"https:\/\/oefn-wien.eckhel.at\/index.php?rest_route=\/wp\/v2\/pages"}],"about":[{"href":"https:\/\/oefn-wien.eckhel.at\/index.php?rest_route=\/wp\/v2\/types\/page"}],"author":[{"embeddable":true,"href":"https:\/\/oefn-wien.eckhel.at\/index.php?rest_route=\/wp\/v2\/users\/1"}],"replies":[{"embeddable":true,"href":"https:\/\/oefn-wien.eckhel.at\/index.php?rest_route=%2Fwp%2Fv2%2Fcomments&post=198"}],"version-history":[{"count":8,"href":"https:\/\/oefn-wien.eckhel.at\/index.php?rest_route=\/wp\/v2\/pages\/198\/revisions"}],"predecessor-version":[{"id":345,"href":"https:\/\/oefn-wien.eckhel.at\/index.php?rest_route=\/wp\/v2\/pages\/198\/revisions\/345"}],"up":[{"embeddable":true,"href":"https:\/\/oefn-wien.eckhel.at\/index.php?rest_route=\/wp\/v2\/pages\/28"}],"wp:attachment":[{"href":"https:\/\/oefn-wien.eckhel.at\/index.php?rest_route=%2Fwp%2Fv2%2Fmedia&parent=198"}],"curies":[{"name":"wp","href":"https:\/\/api.w.org\/{rel}","templated":true}]}}