{"id":196,"date":"2025-02-14T17:35:03","date_gmt":"2025-02-14T16:35:03","guid":{"rendered":"https:\/\/oefn-wien.eckhel.at\/?page_id=196"},"modified":"2025-02-15T10:49:58","modified_gmt":"2025-02-15T09:49:58","slug":"vin-9-2","status":"publish","type":"page","link":"https:\/\/oefn-wien.eckhel.at\/?page_id=196","title":{"rendered":"VIN 9"},"content":{"rendered":"\n<div class=\"wp-block-columns are-vertically-aligned-center is-layout-flex wp-container-core-columns-is-layout-9d6595d7 wp-block-columns-is-layout-flex\">\n<div class=\"wp-block-column is-layout-flow wp-block-column-is-layout-flow\">\n<p>B. PROKISCH &#8211; H. EMMERIG &#8211; S. HEINZ &#8211; M. ZAVADIL &#8211; B. MARKSTEINER<br>Repertorium zur neuzeitlichen M\u00fcnzpr\u00e4gung Europas.<br>Band III: Heiliges R\u00f6misches Reich Deutscher Nation &#8211; Der Fr\u00e4nkische Reichskreis. Wien 2004.<br>Format 25,7 x 36,4 cm &#8211; 351 Seiten &#8211; ca. 1300 Abbildungen<br>ISBN 3-9500530-6-9<br>\u20ac 50,00<\/p>\n\n\n\n<p><strong>Vergriffen<\/strong>,<\/p>\n\n\n\n<p>Dieses Buch stellt Band III der auf neunzehn Teile konzipierten Gesamtreihe &#8220;Repertorium zur Neuzeitlichen M\u00fcnzpr\u00e4gung Europas&#8221; dar und umfa\u00dft die Pr\u00e4gungen des Fr\u00e4nkischen Reichskreises vom Ausgang des Mittelalters bis 1806.<br>Nach M\u00fcnzst\u00e4nden gegliedert werden folgende Informationen geboten: Regentenlisten, genealogische \u00dcbersichten, historische Basisinformation, M\u00fcnzst\u00e4ttenverzeichnisse, Wappen, Territorialkarten, Bibliographien und M\u00fcnzabbildungen. Das Kernst\u00fcck bilden tabellarische Darstellungen der Pr\u00e4get\u00e4tigkeit, die &#8211; nach M\u00fcnzst\u00e4tten gegliedert &#8211; die M\u00fcnzsorten und den chronologischen Ablauf dokumentieren und mittels Verweisen zur Standardliteratur eine Hilfe bei der M\u00fcnzbestimmung bieten.<br>Somit ist das &#8220;Repertorium&#8221; ein Arbeitsinstrument nicht nur f\u00fcr den Numismatiker, sondern auch f\u00fcr den M\u00fcnzsammler, M\u00fcnzh\u00e4ndler und jeden historisch Interessierten.<\/p>\n\n\n\n<h3 class=\"wp-block-heading\">Inhalt<\/h3>\n\n\n\n<figure class=\"wp-block-table\"><table class=\"has-fixed-layout\"><tbody><tr><td>Bamberg<\/td><td>Franken<\/td><td>Schweinfurt<\/td><\/tr><tr><td>Brandenburg-Ansbach<\/td><td>Henneberg<\/td><td>Wei\u00dfenburg<\/td><\/tr><tr><td>Brandenburg-Bayreuth<\/td><td>Hohenlohe<\/td><td>Wertheim<\/td><\/tr><tr><td>Burgmilchling<\/td><td>N\u00fcrnberg<\/td><td>L\u00f6wenstein-Wertheim-Virneburg<\/td><\/tr><tr><td>Deutscher Orden<\/td><td>Rieneck<\/td><td>L\u00f6wenstein-Wertheim-Rochefort<\/td><\/tr><tr><td>Eichst\u00e4tt<\/td><td>Schmalkalden<\/td><td>W\u00fcrzburg<\/td><\/tr><tr><td>Erbach<\/td><td>Schwarzenberg<\/td><td>Schwedische Okkupation<\/td><\/tr><\/tbody><\/table><\/figure>\n<\/div>\n\n\n\n<div class=\"wp-block-column is-layout-flow wp-block-column-is-layout-flow\">\n<figure class=\"wp-block-image size-large\"><img fetchpriority=\"high\" decoding=\"async\" width=\"731\" height=\"1024\" src=\"http:\/\/oefn-wien.eckhel.at\/wp-content\/uploads\/2025\/02\/vin-9-1-731x1024.gif\" alt=\"\" class=\"wp-image-239\" srcset=\"https:\/\/oefn-wien.eckhel.at\/wp-content\/uploads\/2025\/02\/vin-9-1-731x1024.gif 731w, https:\/\/oefn-wien.eckhel.at\/wp-content\/uploads\/2025\/02\/vin-9-1-214x300.gif 214w, https:\/\/oefn-wien.eckhel.at\/wp-content\/uploads\/2025\/02\/vin-9-1-768x1075.gif 768w\" sizes=\"(max-width: 731px) 100vw, 731px\" \/><\/figure>\n<\/div>\n<\/div>\n\n\n\n<p><\/p>\n","protected":false},"excerpt":{"rendered":"<p>B. PROKISCH &#8211; H. EMMERIG &#8211; S. HEINZ &#8211; M. ZAVADIL &#8211; B. MARKSTEINERRepertorium zur neuzeitlichen M\u00fcnzpr\u00e4gung Europas.Band III: Heiliges R\u00f6misches Reich Deutscher Nation &#8211; Der Fr\u00e4nkische Reichskreis. Wien 2004.Format 25,7 x 36,4 cm &#8211; 351 Seiten &#8211; ca. 1300 AbbildungenISBN 3-9500530-6-9\u20ac 50,00 Vergriffen, Dieses Buch stellt Band III der auf neunzehn Teile konzipierten Gesamtreihe &#8230; <a title=\"VIN 9\" class=\"read-more\" href=\"https:\/\/oefn-wien.eckhel.at\/?page_id=196\" aria-label=\"Mehr Informationen \u00fcber VIN 9\">Weiterlesen<\/a><\/p>\n","protected":false},"author":1,"featured_media":0,"parent":28,"menu_order":9,"comment_status":"closed","ping_status":"closed","template":"","meta":{"_uag_custom_page_level_css":"","footnotes":""},"class_list":["post-196","page","type-page","status-publish"],"uagb_featured_image_src":{"full":false,"thumbnail":false,"medium":false,"medium_large":false,"large":false,"1536x1536":false,"2048x2048":false},"uagb_author_info":{"display_name":"wszaivert","author_link":"https:\/\/oefn-wien.eckhel.at\/?author=1"},"uagb_comment_info":0,"uagb_excerpt":"B. PROKISCH &#8211; H. EMMERIG &#8211; S. HEINZ &#8211; M. ZAVADIL &#8211; B. MARKSTEINERRepertorium zur neuzeitlichen M\u00fcnzpr\u00e4gung Europas.Band III: Heiliges R\u00f6misches Reich Deutscher Nation &#8211; Der Fr\u00e4nkische Reichskreis. Wien 2004.Format 25,7 x 36,4 cm &#8211; 351 Seiten &#8211; ca. 1300 AbbildungenISBN 3-9500530-6-9\u20ac 50,00 Vergriffen, Dieses Buch stellt Band III der auf neunzehn Teile konzipierten Gesamtreihe&hellip;","_links":{"self":[{"href":"https:\/\/oefn-wien.eckhel.at\/index.php?rest_route=\/wp\/v2\/pages\/196","targetHints":{"allow":["GET"]}}],"collection":[{"href":"https:\/\/oefn-wien.eckhel.at\/index.php?rest_route=\/wp\/v2\/pages"}],"about":[{"href":"https:\/\/oefn-wien.eckhel.at\/index.php?rest_route=\/wp\/v2\/types\/page"}],"author":[{"embeddable":true,"href":"https:\/\/oefn-wien.eckhel.at\/index.php?rest_route=\/wp\/v2\/users\/1"}],"replies":[{"embeddable":true,"href":"https:\/\/oefn-wien.eckhel.at\/index.php?rest_route=%2Fwp%2Fv2%2Fcomments&post=196"}],"version-history":[{"count":3,"href":"https:\/\/oefn-wien.eckhel.at\/index.php?rest_route=\/wp\/v2\/pages\/196\/revisions"}],"predecessor-version":[{"id":352,"href":"https:\/\/oefn-wien.eckhel.at\/index.php?rest_route=\/wp\/v2\/pages\/196\/revisions\/352"}],"up":[{"embeddable":true,"href":"https:\/\/oefn-wien.eckhel.at\/index.php?rest_route=\/wp\/v2\/pages\/28"}],"wp:attachment":[{"href":"https:\/\/oefn-wien.eckhel.at\/index.php?rest_route=%2Fwp%2Fv2%2Fmedia&parent=196"}],"curies":[{"name":"wp","href":"https:\/\/api.w.org\/{rel}","templated":true}]}}