{"id":16,"date":"2025-02-13T11:40:55","date_gmt":"2025-02-13T10:40:55","guid":{"rendered":"https:\/\/oefn-wien.eckhel.at\/?page_id=16"},"modified":"2025-02-15T12:23:36","modified_gmt":"2025-02-15T11:23:36","slug":"die-gesellschaft","status":"publish","type":"page","link":"https:\/\/oefn-wien.eckhel.at\/","title":{"rendered":"Die Gesellschaft"},"content":{"rendered":"\n<p>Die \u00d6sterreichische Forschungsgesellschaft f\u00fcr Numismatik ist eine Vereinigung von Absolventen, Studierenden, Mitarbeitern und anderen an der Numismatik als Wissenschaft interessierten Personen. Sie unterst\u00fctzt das Institut f\u00fcr Numismatik und Geldgeschichte, an dem sie auch beheimatet ist. Sie produziert und verlegt \u2013 und das ist ihre Hauptaufgabe \u2013 die Publikationsreihe des Instituts: VIN = Ver\u00f6ffentlichungen des Instituts f\u00fcr Numismatik.<\/p>\n\n\n\n<h2 class=\"wp-block-heading\">Die Gesellschaft und Ihre Geschichte<\/h2>\n\n\n\n<p>Die Gesellschaft ist aus dem Eckhel-Club hervorgegangen, der in den 90er Jahren von dem damaligen Vorstand des (damals noch so benannten) Instituts f\u00fcr Antike Numismatik und Vorislamische Geschichte Mittelasiens gegr\u00fcndet wurde. Er war damals als exklusiver Absolventenvereinigung gedacht. Er konnte die Festschrift zu G\u00f6bls \u2026 Geburtstag als Litterae Numismaticae Vindobonenses Band 1 herausbringen. Weitere B\u00e4nde dieser Reihs (insgesamt vier) wurden schlie\u00dflich von der \u00d6AW verlegt. Mit dem Ausscheiden von Robert G\u00f6bl ist der Club allerdings eingeschlafen und wurde im Kajr 1992 als \u00d6FN wiederbegr\u00fcndet. In den rund drei\u00dfig Jahren ihres Bestehens konnte sie 27 Publikationen auf den Markt bringen.<\/p>\n\n\n\n<p><\/p>\n\n\n\n<p><\/p>\n","protected":false},"excerpt":{"rendered":"<p>Die \u00d6sterreichische Forschungsgesellschaft f\u00fcr Numismatik ist eine Vereinigung von Absolventen, Studierenden, Mitarbeitern und anderen an der Numismatik als Wissenschaft interessierten Personen. Sie unterst\u00fctzt das Institut f\u00fcr Numismatik und Geldgeschichte, an dem sie auch beheimatet ist. Sie produziert und verlegt \u2013 und das ist ihre Hauptaufgabe \u2013 die Publikationsreihe des Instituts: VIN = Ver\u00f6ffentlichungen des Instituts &#8230; <a title=\"Die Gesellschaft\" class=\"read-more\" href=\"https:\/\/oefn-wien.eckhel.at\/\" aria-label=\"Mehr Informationen \u00fcber Die Gesellschaft\">Weiterlesen<\/a><\/p>\n","protected":false},"author":1,"featured_media":0,"parent":0,"menu_order":1,"comment_status":"closed","ping_status":"closed","template":"","meta":{"_uag_custom_page_level_css":"","footnotes":""},"class_list":["post-16","page","type-page","status-publish"],"uagb_featured_image_src":{"full":false,"thumbnail":false,"medium":false,"medium_large":false,"large":false,"1536x1536":false,"2048x2048":false},"uagb_author_info":{"display_name":"wszaivert","author_link":"https:\/\/oefn-wien.eckhel.at\/?author=1"},"uagb_comment_info":0,"uagb_excerpt":"Die \u00d6sterreichische Forschungsgesellschaft f\u00fcr Numismatik ist eine Vereinigung von Absolventen, Studierenden, Mitarbeitern und anderen an der Numismatik als Wissenschaft interessierten Personen. Sie unterst\u00fctzt das Institut f\u00fcr Numismatik und Geldgeschichte, an dem sie auch beheimatet ist. Sie produziert und verlegt \u2013 und das ist ihre Hauptaufgabe \u2013 die Publikationsreihe des Instituts: VIN = Ver\u00f6ffentlichungen des Instituts&hellip;","_links":{"self":[{"href":"https:\/\/oefn-wien.eckhel.at\/index.php?rest_route=\/wp\/v2\/pages\/16","targetHints":{"allow":["GET"]}}],"collection":[{"href":"https:\/\/oefn-wien.eckhel.at\/index.php?rest_route=\/wp\/v2\/pages"}],"about":[{"href":"https:\/\/oefn-wien.eckhel.at\/index.php?rest_route=\/wp\/v2\/types\/page"}],"author":[{"embeddable":true,"href":"https:\/\/oefn-wien.eckhel.at\/index.php?rest_route=\/wp\/v2\/users\/1"}],"replies":[{"embeddable":true,"href":"https:\/\/oefn-wien.eckhel.at\/index.php?rest_route=%2Fwp%2Fv2%2Fcomments&post=16"}],"version-history":[{"count":1,"href":"https:\/\/oefn-wien.eckhel.at\/index.php?rest_route=\/wp\/v2\/pages\/16\/revisions"}],"predecessor-version":[{"id":17,"href":"https:\/\/oefn-wien.eckhel.at\/index.php?rest_route=\/wp\/v2\/pages\/16\/revisions\/17"}],"wp:attachment":[{"href":"https:\/\/oefn-wien.eckhel.at\/index.php?rest_route=%2Fwp%2Fv2%2Fmedia&parent=16"}],"curies":[{"name":"wp","href":"https:\/\/api.w.org\/{rel}","templated":true}]}}